{"id":220,"date":"2016-10-11T12:12:12","date_gmt":"2016-10-11T12:12:12","guid":{"rendered":"http:\/\/fruitmasters.com\/nl\/?post_type=product&#038;p=220"},"modified":"2020-04-15T14:29:54","modified_gmt":"2020-04-15T14:29:54","slug":"rode-bes","status":"publish","type":"page","link":"https:\/\/fruitmasters.com\/de\/produkte\/beeren\/rode-bes\/","title":{"rendered":"Rote Johannisbeeren"},"content":{"rendered":"<h1>Rote Johannisbeeren<\/h1>\n<p class=\"twocol\">Die Rote Johannisbeere hat eine attraktive, gl\u00e4nzende Schale und festes, schmackhaftes Fruchtfleisch. Diese vielseitig verwendbaren Beeren haben einen wunderbar frischen, s\u00e4uerlichen Geschmack. Ihre hellrote Farbe ist ein echter Blickfang. Deswegen werden diese Beeren gerne verwendet, um schmackhaften Gerichten attraktive Farbakzente zu verleihen.<\/p>\n<p><img loading=\"lazy\" decoding=\"async\" class=\"alignright wp-image-1893 size-medium\" src=\"https:\/\/fruitmasters.com\/de\/wp-content\/uploads\/sites\/7\/2020\/04\/2020_Packshot_RodeBes_500x500px-300x300.png\" alt=\"\" width=\"300\" height=\"300\" srcset=\"https:\/\/fruitmasters.com\/de\/wp-content\/uploads\/sites\/7\/2020\/04\/2020_Packshot_RodeBes_500x500px-300x300.png 300w, https:\/\/fruitmasters.com\/de\/wp-content\/uploads\/sites\/7\/2020\/04\/2020_Packshot_RodeBes_500x500px-150x150.png 150w, https:\/\/fruitmasters.com\/de\/wp-content\/uploads\/sites\/7\/2020\/04\/2020_Packshot_RodeBes_500x500px.png 500w\" sizes=\"(max-width: 300px) 100vw, 300px\" \/><\/p>\n<h2><\/h2>\n<h2>Rote Johannisbeerenzucht<\/h2>\n<p>Die Rote Johannisbeere stammt urspr\u00fcnglich aus Europa und Westasien. Rote Johannisbeeren brauchen Sonne und m\u00f6gen strenge Winter nicht. Angebaut werden sie nicht nur in Freilandzucht, sondern auch in Gew\u00e4chsh\u00e4usern und Tunneln, die effektiven Schutz vor Witterungseinfl\u00fcssen und V\u00f6geln bieten. Im April erscheinen die ersten Bl\u00fcten am Johannisbeerstrauch, die sich in ungef\u00e4hr drei Monaten zu roten, gl\u00e4nzenden Beeren entwickeln. Die Aufzucht qualitativ hochwertiger roter Johannisbeeren nimmt die Z\u00fcchter das ganze Jahr \u00fcber in Anspruch. Der Grundstein des Erfolgs wird schon mit der Auswahl des richtigen Strauches gelegt. Die Pflanzen werden von speziell qualifiziertem Personal gestutzt, ged\u00fcngt, ausgepfl\u00fcckt und bew\u00e4ssert, damit sie am Ende sch\u00f6ne, gro\u00dfe Beeren tragen. Wenn die Roten Johannisbeeren reif sind, werden sie mit gr\u00f6\u00dfter Sorgfalt gepfl\u00fcckt. So kommen unsere Kunden garantiert immer in den Genuss h\u00f6chster Qualit\u00e4t.<\/p>\n","protected":false},"excerpt":{"rendered":"<p>Rote Johannisbeeren Die Rote Johannisbeere hat eine attraktive, gl\u00e4nzende Schale und festes, schmackhaftes Fruchtfleisch. Diese vielseitig verwendbaren Beeren haben einen wunderbar frischen, s\u00e4uerlichen Geschmack. Ihre hellrote Farbe ist ein echter Blickfang. Deswegen werden diese Beeren gerne verwendet, um schmackhaften Gerichten attraktive Farbakzente zu verleihen. Rote Johannisbeerenzucht Die Rote Johannisbeere stammt urspr\u00fcnglich aus Europa und Westasien. [&hellip;]<\/p>\n","protected":false},"author":7,"featured_media":0,"parent":117,"menu_order":0,"comment_status":"closed","ping_status":"closed","template":"page-wideheader.php","meta":{"footnotes":""},"acf":[],"_links":{"self":[{"href":"https:\/\/fruitmasters.com\/de\/wp-json\/wp\/v2\/pages\/220"}],"collection":[{"href":"https:\/\/fruitmasters.com\/de\/wp-json\/wp\/v2\/pages"}],"about":[{"href":"https:\/\/fruitmasters.com\/de\/wp-json\/wp\/v2\/types\/page"}],"author":[{"embeddable":true,"href":"https:\/\/fruitmasters.com\/de\/wp-json\/wp\/v2\/users\/7"}],"replies":[{"embeddable":true,"href":"https:\/\/fruitmasters.com\/de\/wp-json\/wp\/v2\/comments?post=220"}],"version-history":[{"count":6,"href":"https:\/\/fruitmasters.com\/de\/wp-json\/wp\/v2\/pages\/220\/revisions"}],"predecessor-version":[{"id":1937,"href":"https:\/\/fruitmasters.com\/de\/wp-json\/wp\/v2\/pages\/220\/revisions\/1937"}],"up":[{"embeddable":true,"href":"https:\/\/fruitmasters.com\/de\/wp-json\/wp\/v2\/pages\/117"}],"wp:attachment":[{"href":"https:\/\/fruitmasters.com\/de\/wp-json\/wp\/v2\/media?parent=220"}],"curies":[{"name":"wp","href":"https:\/\/api.w.org\/{rel}","templated":true}]}}