{"id":221,"date":"2016-10-11T12:12:49","date_gmt":"2016-10-11T12:12:49","guid":{"rendered":"http:\/\/fruitmasters.com\/nl\/?post_type=product&#038;p=221"},"modified":"2020-04-15T14:37:54","modified_gmt":"2020-04-15T14:37:54","slug":"kirschen","status":"publish","type":"page","link":"https:\/\/fruitmasters.com\/de\/produkte\/steinobst\/kirschen\/","title":{"rendered":"Kirschen"},"content":{"rendered":"<h1>Kirschen<\/h1>\n<p>Ebenso wie Pflaumen geh\u00f6ren auch Kirschen zum Steinobst, da im Fruchtfleisch ein steinartiger Kern sitzt. Unterschieden werden die Arten S\u00fc\u00df- und Sauerkirschen. Althergebrachte Sorten sind die Duitse Kers (Deutsche Kirsche), die Varikse Zwarte (Schwarzkirsche) und die Meikers (Maikirsche). Heutzutage gibt es Sorten wie unter anderem Regina und Kordia.<\/p>\n<p><img loading=\"lazy\" decoding=\"async\" class=\"alignright wp-image-1882 size-medium\" src=\"https:\/\/fruitmasters.com\/de\/wp-content\/uploads\/sites\/7\/2020\/04\/2020_Packshot_Kers_500x500px-300x300.png\" alt=\"\" width=\"300\" height=\"300\" srcset=\"https:\/\/fruitmasters.com\/de\/wp-content\/uploads\/sites\/7\/2020\/04\/2020_Packshot_Kers_500x500px-300x300.png 300w, https:\/\/fruitmasters.com\/de\/wp-content\/uploads\/sites\/7\/2020\/04\/2020_Packshot_Kers_500x500px-150x150.png 150w, https:\/\/fruitmasters.com\/de\/wp-content\/uploads\/sites\/7\/2020\/04\/2020_Packshot_Kers_500x500px.png 500w\" sizes=\"(max-width: 300px) 100vw, 300px\" \/><\/p>\n<h2><\/h2>\n<h2>Kirschenzucht<\/h2>\n<p>In den Niederlanden hatte man die Kirschenzucht in den 90er-Jahren schon fast ganz aufgegeben. Die hohen Arbeitskosten f\u00fcr die hochst\u00e4mmigen Baumg\u00e4rten amortisierten sich nicht mehr. Aber dann wurden kleinst\u00e4mmige Sorten eingef\u00fchrt, mit denen die Zucht niedrigerer und damit ertragreicherer B\u00e4ume m\u00f6glich wurde. Dar\u00fcber hinaus kamen neue, grobe und besonders geschmacksintensive Kirschen auf den Markt, die bei den Verbrauchern sehr beliebt sind.<\/p>\n<p>&nbsp;<\/p>\n<p>Fast alle Kirschb\u00e4ume sind Freilandpflanzen. B\u00e4ume f\u00fcr die vorgezogene Zucht wachsen in Gew\u00e4chsh\u00e4usern, Freilandb\u00e4ume werden oft mit Regenkappen gesch\u00fctzt. Kirschen sind w\u00e4hrend des Reifeprozesses sehr anf\u00e4llig f\u00fcr Regen. Unter ung\u00fcnstigen Bedingungen k\u00f6nnen sie platzen und damit unverk\u00e4uflich werden. Kirschen sind nicht nur bei Menschen sehr beliebt; auch V\u00f6gel wie beispielsweise Amseln und Stare sind ganz verr\u00fcckt danach. Um diese V\u00f6gel von den Kirschb\u00e4umen fernzuhalten, sind die Baumg\u00e4rten oft mit Vogeldraht bedeckt.<\/p>\n","protected":false},"excerpt":{"rendered":"<p>Kirschen Ebenso wie Pflaumen geh\u00f6ren auch Kirschen zum Steinobst, da im Fruchtfleisch ein steinartiger Kern sitzt. Unterschieden werden die Arten S\u00fc\u00df- und Sauerkirschen. Althergebrachte Sorten sind die Duitse Kers (Deutsche Kirsche), die Varikse Zwarte (Schwarzkirsche) und die Meikers (Maikirsche). Heutzutage gibt es Sorten wie unter anderem Regina und Kordia. Kirschenzucht In den Niederlanden hatte man [&hellip;]<\/p>\n","protected":false},"author":7,"featured_media":0,"parent":119,"menu_order":0,"comment_status":"closed","ping_status":"closed","template":"page-wideheader.php","meta":{"footnotes":""},"acf":[],"_links":{"self":[{"href":"https:\/\/fruitmasters.com\/de\/wp-json\/wp\/v2\/pages\/221"}],"collection":[{"href":"https:\/\/fruitmasters.com\/de\/wp-json\/wp\/v2\/pages"}],"about":[{"href":"https:\/\/fruitmasters.com\/de\/wp-json\/wp\/v2\/types\/page"}],"author":[{"embeddable":true,"href":"https:\/\/fruitmasters.com\/de\/wp-json\/wp\/v2\/users\/7"}],"replies":[{"embeddable":true,"href":"https:\/\/fruitmasters.com\/de\/wp-json\/wp\/v2\/comments?post=221"}],"version-history":[{"count":9,"href":"https:\/\/fruitmasters.com\/de\/wp-json\/wp\/v2\/pages\/221\/revisions"}],"predecessor-version":[{"id":1957,"href":"https:\/\/fruitmasters.com\/de\/wp-json\/wp\/v2\/pages\/221\/revisions\/1957"}],"up":[{"embeddable":true,"href":"https:\/\/fruitmasters.com\/de\/wp-json\/wp\/v2\/pages\/119"}],"wp:attachment":[{"href":"https:\/\/fruitmasters.com\/de\/wp-json\/wp\/v2\/media?parent=221"}],"curies":[{"name":"wp","href":"https:\/\/api.w.org\/{rel}","templated":true}]}}