{"id":222,"date":"2016-10-11T12:13:03","date_gmt":"2016-10-11T12:13:03","guid":{"rendered":"http:\/\/fruitmasters.com\/nl\/?post_type=product&#038;p=222"},"modified":"2020-04-15T14:39:08","modified_gmt":"2020-04-15T14:39:08","slug":"pflaumen","status":"publish","type":"page","link":"https:\/\/fruitmasters.com\/de\/produkte\/steinobst\/pflaumen\/","title":{"rendered":"Pflaumen"},"content":{"rendered":"<h1>Pflaumen<\/h1>\n<p>Pflaumen sind Steinobst, das an drei bis sieben Meter hohen B\u00e4umen w\u00e4chst. Die Pflaumen sind eif\u00f6rmig; in der Mitte der Frucht befindet sich ein Stein. Wenn die Frucht reif ist, hat sie einen saftigen, s\u00fc\u00dfen Geschmack. Die Farbe variiert von blauschwarz bis hin zu rot und gelb.<\/p>\n<p><img loading=\"lazy\" decoding=\"async\" class=\"alignright wp-image-1890 size-medium\" src=\"https:\/\/fruitmasters.com\/de\/wp-content\/uploads\/sites\/7\/2020\/04\/2020_Packshot_Pruim_500x500px-300x300.png\" alt=\"\" width=\"300\" height=\"300\" srcset=\"https:\/\/fruitmasters.com\/de\/wp-content\/uploads\/sites\/7\/2020\/04\/2020_Packshot_Pruim_500x500px-300x300.png 300w, https:\/\/fruitmasters.com\/de\/wp-content\/uploads\/sites\/7\/2020\/04\/2020_Packshot_Pruim_500x500px-150x150.png 150w, https:\/\/fruitmasters.com\/de\/wp-content\/uploads\/sites\/7\/2020\/04\/2020_Packshot_Pruim_500x500px.png 500w\" sizes=\"(max-width: 300px) 100vw, 300px\" \/><\/p>\n<h2>Pflaumenzucht<\/h2>\n<p>Pflaumen m\u00fcssen am Baum reifen. Die Kunst besteht darin, sie im richtigen Augenblick zu pfl\u00fccken. Nur dann sind voller Geschmack und l\u00e4ngere Haltbarkeit garantiert. Eine fachm\u00e4nnische Ernte ist die Voraussetzung f\u00fcr besonders leckere Pflaumen. Bedeutende Zuchtgebiete in den Niederlanden sind die Betuwe und Westfriesland. Es gibt unterschiedliche Pflaumensorten mit aufeinanderfolgenden Erntezeiten. Die bekanntesten sind die Opal und die Monsieur Hatif, die auch Weinpflaume genannt wird. Beide haben einen frischen, s\u00fc\u00dfen und runden Geschmack. Weitere Sorten sind die Avelon (Avalon), Jubileum (Jubil\u00e4um), Reine Victoria, Blue Free, Reine Claude Verte und die Anna Spaht (Anna Sp\u00e4ht).<\/p>\n","protected":false},"excerpt":{"rendered":"<p>Pflaumen Pflaumen sind Steinobst, das an drei bis sieben Meter hohen B\u00e4umen w\u00e4chst. Die Pflaumen sind eif\u00f6rmig; in der Mitte der Frucht befindet sich ein Stein. Wenn die Frucht reif ist, hat sie einen saftigen, s\u00fc\u00dfen Geschmack. Die Farbe variiert von blauschwarz bis hin zu rot und gelb. Pflaumenzucht Pflaumen m\u00fcssen am Baum reifen. Die [&hellip;]<\/p>\n","protected":false},"author":7,"featured_media":0,"parent":119,"menu_order":0,"comment_status":"closed","ping_status":"closed","template":"page-wideheader.php","meta":{"footnotes":""},"acf":[],"_links":{"self":[{"href":"https:\/\/fruitmasters.com\/de\/wp-json\/wp\/v2\/pages\/222"}],"collection":[{"href":"https:\/\/fruitmasters.com\/de\/wp-json\/wp\/v2\/pages"}],"about":[{"href":"https:\/\/fruitmasters.com\/de\/wp-json\/wp\/v2\/types\/page"}],"author":[{"embeddable":true,"href":"https:\/\/fruitmasters.com\/de\/wp-json\/wp\/v2\/users\/7"}],"replies":[{"embeddable":true,"href":"https:\/\/fruitmasters.com\/de\/wp-json\/wp\/v2\/comments?post=222"}],"version-history":[{"count":10,"href":"https:\/\/fruitmasters.com\/de\/wp-json\/wp\/v2\/pages\/222\/revisions"}],"predecessor-version":[{"id":1960,"href":"https:\/\/fruitmasters.com\/de\/wp-json\/wp\/v2\/pages\/222\/revisions\/1960"}],"up":[{"embeddable":true,"href":"https:\/\/fruitmasters.com\/de\/wp-json\/wp\/v2\/pages\/119"}],"wp:attachment":[{"href":"https:\/\/fruitmasters.com\/de\/wp-json\/wp\/v2\/media?parent=222"}],"curies":[{"name":"wp","href":"https:\/\/api.w.org\/{rel}","templated":true}]}}