{"id":223,"date":"2016-10-11T12:13:21","date_gmt":"2016-10-11T12:13:21","guid":{"rendered":"http:\/\/fruitmasters.com\/nl\/?post_type=product&#038;p=223"},"modified":"2020-04-15T14:38:11","modified_gmt":"2020-04-15T14:38:11","slug":"nektarinen","status":"publish","type":"page","link":"https:\/\/fruitmasters.com\/de\/produkte\/steinobst\/nektarinen\/","title":{"rendered":"Nektarinen"},"content":{"rendered":"<h1>Nektarinen<\/h1>\n<p>Nektarinen sind eine Pfirsich-Mutation und ebenfalls ein Steinobst. Unter diesen Sammelnamen fallen alle Fr\u00fcchte, die aus einer Schale, Fruchtfleisch und einem harten Kern bestehen. Die Nektarine unterscheidet sich vom Pfirsich durch ihre glatte, unbehaarte Schale.<\/p>\n<p><img loading=\"lazy\" decoding=\"async\" class=\"alignright wp-image-1886 size-medium\" src=\"https:\/\/fruitmasters.com\/de\/wp-content\/uploads\/sites\/7\/2020\/04\/2020_Packshot_Nectarine_500x500px-300x300.png\" alt=\"\" width=\"300\" height=\"300\" srcset=\"https:\/\/fruitmasters.com\/de\/wp-content\/uploads\/sites\/7\/2020\/04\/2020_Packshot_Nectarine_500x500px-300x300.png 300w, https:\/\/fruitmasters.com\/de\/wp-content\/uploads\/sites\/7\/2020\/04\/2020_Packshot_Nectarine_500x500px-150x150.png 150w, https:\/\/fruitmasters.com\/de\/wp-content\/uploads\/sites\/7\/2020\/04\/2020_Packshot_Nectarine_500x500px.png 500w\" sizes=\"(max-width: 300px) 100vw, 300px\" \/><\/p>\n<h2><\/h2>\n<h2>Nektarinenzucht<\/h2>\n<p>Nektarinenb\u00e4ume m\u00fcssen jedes Jahr zur\u00fcckgeschnitten werden, da die Fr\u00fcchte nur an einj\u00e4hrigem Holz wachsen. Durch das Zur\u00fcckschneiden k\u00f6nnen neue Triebe ausschlagen. An den ungef\u00e4hr 50\u00a0cm langen Trieben befinden sich die Bl\u00fcten- und Blattknospen in Dreiergruppen, diese \u00c4ste tragen sp\u00e4ter Fr\u00fcchte. Nektarinen werden haupts\u00e4chlich in Chile, S\u00fcdafrika, Italien, Spanien und Griechenland angebaut.<\/p>\n","protected":false},"excerpt":{"rendered":"<p>Nektarinen Nektarinen sind eine Pfirsich-Mutation und ebenfalls ein Steinobst. Unter diesen Sammelnamen fallen alle Fr\u00fcchte, die aus einer Schale, Fruchtfleisch und einem harten Kern bestehen. Die Nektarine unterscheidet sich vom Pfirsich durch ihre glatte, unbehaarte Schale. Nektarinenzucht Nektarinenb\u00e4ume m\u00fcssen jedes Jahr zur\u00fcckgeschnitten werden, da die Fr\u00fcchte nur an einj\u00e4hrigem Holz wachsen. Durch das Zur\u00fcckschneiden k\u00f6nnen [&hellip;]<\/p>\n","protected":false},"author":7,"featured_media":0,"parent":119,"menu_order":0,"comment_status":"closed","ping_status":"closed","template":"page-wideheader.php","meta":{"footnotes":""},"acf":[],"_links":{"self":[{"href":"https:\/\/fruitmasters.com\/de\/wp-json\/wp\/v2\/pages\/223"}],"collection":[{"href":"https:\/\/fruitmasters.com\/de\/wp-json\/wp\/v2\/pages"}],"about":[{"href":"https:\/\/fruitmasters.com\/de\/wp-json\/wp\/v2\/types\/page"}],"author":[{"embeddable":true,"href":"https:\/\/fruitmasters.com\/de\/wp-json\/wp\/v2\/users\/7"}],"replies":[{"embeddable":true,"href":"https:\/\/fruitmasters.com\/de\/wp-json\/wp\/v2\/comments?post=223"}],"version-history":[{"count":5,"href":"https:\/\/fruitmasters.com\/de\/wp-json\/wp\/v2\/pages\/223\/revisions"}],"predecessor-version":[{"id":1958,"href":"https:\/\/fruitmasters.com\/de\/wp-json\/wp\/v2\/pages\/223\/revisions\/1958"}],"up":[{"embeddable":true,"href":"https:\/\/fruitmasters.com\/de\/wp-json\/wp\/v2\/pages\/119"}],"wp:attachment":[{"href":"https:\/\/fruitmasters.com\/de\/wp-json\/wp\/v2\/media?parent=223"}],"curies":[{"name":"wp","href":"https:\/\/api.w.org\/{rel}","templated":true}]}}