{"id":224,"date":"2016-10-11T12:13:42","date_gmt":"2016-10-11T12:13:42","guid":{"rendered":"http:\/\/fruitmasters.com\/nl\/?post_type=product&#038;p=224"},"modified":"2020-04-15T14:38:33","modified_gmt":"2020-04-15T14:38:33","slug":"pfirsiche","status":"publish","type":"page","link":"https:\/\/fruitmasters.com\/de\/produkte\/steinobst\/pfirsiche\/","title":{"rendered":"Pfirsiche"},"content":{"rendered":"<h1>Pfirsiche<\/h1>\n<p>Pfirsiche sind Steinobst. Die Frucht besteht im Allgemeinen aus einer behaarten Schale, Fruchtfleisch und einem harten Kern.<\/p>\n<p><img loading=\"lazy\" decoding=\"async\" class=\"alignright wp-image-1888 size-medium\" src=\"https:\/\/fruitmasters.com\/de\/wp-content\/uploads\/sites\/7\/2020\/04\/2020_Packshot_Perzik_500x500px-300x300.png\" alt=\"\" width=\"300\" height=\"300\" srcset=\"https:\/\/fruitmasters.com\/de\/wp-content\/uploads\/sites\/7\/2020\/04\/2020_Packshot_Perzik_500x500px-300x300.png 300w, https:\/\/fruitmasters.com\/de\/wp-content\/uploads\/sites\/7\/2020\/04\/2020_Packshot_Perzik_500x500px-150x150.png 150w, https:\/\/fruitmasters.com\/de\/wp-content\/uploads\/sites\/7\/2020\/04\/2020_Packshot_Perzik_500x500px.png 500w\" sizes=\"(max-width: 300px) 100vw, 300px\" \/><\/p>\n<h2><\/h2>\n<h2>Pfirsichzucht<\/h2>\n<p>Die schmackhaften Pfirsiche sind in den Niederlanden sehr beliebt. Die Frucht hat einen harten, holzigen Kern und geh\u00f6rt damit zur Kategorie Steinobst. Pfirsiche sind oval-rund und haben eine samtige Schale, deren Farbe von gr\u00fcnlich-wei\u00df bis hin zu goldgelb mit roten B\u00e4ckchen variiert. Sie haben weiches, duftendes und saftiges Fruchtfleisch, das wei\u00df, gelb oder rot sein kann. Pfirsiche werden meistens aus S\u00fcdafrika, Chile, Spanien, Griechenland, Frankreich und Italien importiert.<\/p>\n","protected":false},"excerpt":{"rendered":"<p>Pfirsiche Pfirsiche sind Steinobst. Die Frucht besteht im Allgemeinen aus einer behaarten Schale, Fruchtfleisch und einem harten Kern. Pfirsichzucht Die schmackhaften Pfirsiche sind in den Niederlanden sehr beliebt. Die Frucht hat einen harten, holzigen Kern und geh\u00f6rt damit zur Kategorie Steinobst. Pfirsiche sind oval-rund und haben eine samtige Schale, deren Farbe von gr\u00fcnlich-wei\u00df bis hin [&hellip;]<\/p>\n","protected":false},"author":7,"featured_media":0,"parent":119,"menu_order":0,"comment_status":"closed","ping_status":"closed","template":"page-wideheader.php","meta":{"footnotes":""},"acf":[],"_links":{"self":[{"href":"https:\/\/fruitmasters.com\/de\/wp-json\/wp\/v2\/pages\/224"}],"collection":[{"href":"https:\/\/fruitmasters.com\/de\/wp-json\/wp\/v2\/pages"}],"about":[{"href":"https:\/\/fruitmasters.com\/de\/wp-json\/wp\/v2\/types\/page"}],"author":[{"embeddable":true,"href":"https:\/\/fruitmasters.com\/de\/wp-json\/wp\/v2\/users\/7"}],"replies":[{"embeddable":true,"href":"https:\/\/fruitmasters.com\/de\/wp-json\/wp\/v2\/comments?post=224"}],"version-history":[{"count":6,"href":"https:\/\/fruitmasters.com\/de\/wp-json\/wp\/v2\/pages\/224\/revisions"}],"predecessor-version":[{"id":1959,"href":"https:\/\/fruitmasters.com\/de\/wp-json\/wp\/v2\/pages\/224\/revisions\/1959"}],"up":[{"embeddable":true,"href":"https:\/\/fruitmasters.com\/de\/wp-json\/wp\/v2\/pages\/119"}],"wp:attachment":[{"href":"https:\/\/fruitmasters.com\/de\/wp-json\/wp\/v2\/media?parent=224"}],"curies":[{"name":"wp","href":"https:\/\/api.w.org\/{rel}","templated":true}]}}