{"id":225,"date":"2016-10-11T12:14:23","date_gmt":"2016-10-11T12:14:23","guid":{"rendered":"http:\/\/fruitmasters.com\/nl\/?post_type=product&#038;p=225"},"modified":"2020-04-15T14:37:37","modified_gmt":"2020-04-15T14:37:37","slug":"zitronen","status":"publish","type":"page","link":"https:\/\/fruitmasters.com\/de\/produkte\/exotische-fruchte\/zitronen\/","title":{"rendered":"Zitronen"},"content":{"rendered":"<h1 style=\"text-align: justify\"><img loading=\"lazy\" decoding=\"async\" class=\"alignright wp-image-1884 size-medium\" src=\"https:\/\/fruitmasters.com\/de\/wp-content\/uploads\/sites\/7\/2020\/04\/2020_Packshot_Lemon_500x500px-300x300.png\" alt=\"\" width=\"300\" height=\"300\" srcset=\"https:\/\/fruitmasters.com\/de\/wp-content\/uploads\/sites\/7\/2020\/04\/2020_Packshot_Lemon_500x500px-300x300.png 300w, https:\/\/fruitmasters.com\/de\/wp-content\/uploads\/sites\/7\/2020\/04\/2020_Packshot_Lemon_500x500px-150x150.png 150w, https:\/\/fruitmasters.com\/de\/wp-content\/uploads\/sites\/7\/2020\/04\/2020_Packshot_Lemon_500x500px.png 500w\" sizes=\"(max-width: 300px) 100vw, 300px\" \/><\/h1>\n<h1>Zitronen<\/h1>\n<p>Zitronen sind gelbe Zitrusfr\u00fcchte, die zur Familie der Apfelsinen geh\u00f6ren. Eine reife Zitrone ist grunds\u00e4tzlich gelb und kann eine dicke oder d\u00fcnne, raue oder glatte Schale haben.<\/p>\n<p>&nbsp;<\/p>\n<h2>Zitronenzucht<\/h2>\n<p>Zitronen gedeihen am besten in (sub-)tropischen Gebieten und gelten gemeinhin als exotische Frucht. Diese Zitrusfr\u00fcchte sind vor allem wegen ihres Safts beliebt. Zitronen k\u00f6nnen erst nach ungef\u00e4hr zwei Jahren geerntet werden.<\/p>\n<p>&nbsp;<\/p>\n<h2><span style=\"color: #333333;font-family: Georgia;font-size: medium\">\u00a0<\/span><\/h2>\n","protected":false},"excerpt":{"rendered":"<p>Zitronen Zitronen sind gelbe Zitrusfr\u00fcchte, die zur Familie der Apfelsinen geh\u00f6ren. Eine reife Zitrone ist grunds\u00e4tzlich gelb und kann eine dicke oder d\u00fcnne, raue oder glatte Schale haben. &nbsp; Zitronenzucht Zitronen gedeihen am besten in (sub-)tropischen Gebieten und gelten gemeinhin als exotische Frucht. Diese Zitrusfr\u00fcchte sind vor allem wegen ihres Safts beliebt. Zitronen k\u00f6nnen erst [&hellip;]<\/p>\n","protected":false},"author":7,"featured_media":0,"parent":123,"menu_order":0,"comment_status":"closed","ping_status":"closed","template":"page-wideheader.php","meta":{"footnotes":""},"acf":[],"_links":{"self":[{"href":"https:\/\/fruitmasters.com\/de\/wp-json\/wp\/v2\/pages\/225"}],"collection":[{"href":"https:\/\/fruitmasters.com\/de\/wp-json\/wp\/v2\/pages"}],"about":[{"href":"https:\/\/fruitmasters.com\/de\/wp-json\/wp\/v2\/types\/page"}],"author":[{"embeddable":true,"href":"https:\/\/fruitmasters.com\/de\/wp-json\/wp\/v2\/users\/7"}],"replies":[{"embeddable":true,"href":"https:\/\/fruitmasters.com\/de\/wp-json\/wp\/v2\/comments?post=225"}],"version-history":[{"count":8,"href":"https:\/\/fruitmasters.com\/de\/wp-json\/wp\/v2\/pages\/225\/revisions"}],"predecessor-version":[{"id":1956,"href":"https:\/\/fruitmasters.com\/de\/wp-json\/wp\/v2\/pages\/225\/revisions\/1956"}],"up":[{"embeddable":true,"href":"https:\/\/fruitmasters.com\/de\/wp-json\/wp\/v2\/pages\/123"}],"wp:attachment":[{"href":"https:\/\/fruitmasters.com\/de\/wp-json\/wp\/v2\/media?parent=225"}],"curies":[{"name":"wp","href":"https:\/\/api.w.org\/{rel}","templated":true}]}}