{"id":226,"date":"2016-10-11T12:14:44","date_gmt":"2016-10-11T12:14:44","guid":{"rendered":"http:\/\/fruitmasters.com\/nl\/?post_type=product&#038;p=226"},"modified":"2020-04-15T14:37:19","modified_gmt":"2020-04-15T14:37:19","slug":"grapefruits","status":"publish","type":"page","link":"https:\/\/fruitmasters.com\/de\/produkte\/exotische-fruchte\/grapefruits\/","title":{"rendered":"Grapefruits"},"content":{"rendered":"<h1><img loading=\"lazy\" decoding=\"async\" class=\"alignright wp-image-1875 size-medium\" src=\"https:\/\/fruitmasters.com\/de\/wp-content\/uploads\/sites\/7\/2020\/04\/2020_Packshot_Grapefruit_500x500px-300x300.png\" alt=\"\" width=\"300\" height=\"300\" srcset=\"https:\/\/fruitmasters.com\/de\/wp-content\/uploads\/sites\/7\/2020\/04\/2020_Packshot_Grapefruit_500x500px-300x300.png 300w, https:\/\/fruitmasters.com\/de\/wp-content\/uploads\/sites\/7\/2020\/04\/2020_Packshot_Grapefruit_500x500px-150x150.png 150w, https:\/\/fruitmasters.com\/de\/wp-content\/uploads\/sites\/7\/2020\/04\/2020_Packshot_Grapefruit_500x500px.png 500w\" sizes=\"(max-width: 300px) 100vw, 300px\" \/><\/h1>\n<h1>Grapefruits<\/h1>\n<p>Grapefruits sind eine Kreuzung zwischen Pampelmusen und Apfelsinen und z\u00e4hlen damit zu den gr\u00f6\u00dften Zitrusfr\u00fcchten. Zwischen den einzelnen Sorten gibt es gro\u00dfe Unterschiede hinsichtlich Geschmack, Farbe und Fruchtfleisch.<\/p>\n<p>&nbsp;<\/p>\n<h2>\u00a0Grapefruitzucht<\/h2>\n<p>Was den Bodentyp angeht, sind Grapefruits sehr flexibel. Was sie allerdings brauchen, ist ein warmes Klima. Deswegen werden sie haupts\u00e4chlich in der T\u00fcrkei, Amerika, Uruguay, Honduras, Kuba, S\u00fcdafrika, Israel, Argentinien und Spanien angebaut.<\/p>\n<p>&nbsp;<\/p>\n<p>&nbsp;<\/p>\n","protected":false},"excerpt":{"rendered":"<p>Grapefruits Grapefruits sind eine Kreuzung zwischen Pampelmusen und Apfelsinen und z\u00e4hlen damit zu den gr\u00f6\u00dften Zitrusfr\u00fcchten. Zwischen den einzelnen Sorten gibt es gro\u00dfe Unterschiede hinsichtlich Geschmack, Farbe und Fruchtfleisch. &nbsp; \u00a0Grapefruitzucht Was den Bodentyp angeht, sind Grapefruits sehr flexibel. Was sie allerdings brauchen, ist ein warmes Klima. Deswegen werden sie haupts\u00e4chlich in der T\u00fcrkei, Amerika, [&hellip;]<\/p>\n","protected":false},"author":7,"featured_media":0,"parent":123,"menu_order":0,"comment_status":"closed","ping_status":"closed","template":"page-wideheader.php","meta":{"footnotes":""},"acf":[],"_links":{"self":[{"href":"https:\/\/fruitmasters.com\/de\/wp-json\/wp\/v2\/pages\/226"}],"collection":[{"href":"https:\/\/fruitmasters.com\/de\/wp-json\/wp\/v2\/pages"}],"about":[{"href":"https:\/\/fruitmasters.com\/de\/wp-json\/wp\/v2\/types\/page"}],"author":[{"embeddable":true,"href":"https:\/\/fruitmasters.com\/de\/wp-json\/wp\/v2\/users\/7"}],"replies":[{"embeddable":true,"href":"https:\/\/fruitmasters.com\/de\/wp-json\/wp\/v2\/comments?post=226"}],"version-history":[{"count":7,"href":"https:\/\/fruitmasters.com\/de\/wp-json\/wp\/v2\/pages\/226\/revisions"}],"predecessor-version":[{"id":1955,"href":"https:\/\/fruitmasters.com\/de\/wp-json\/wp\/v2\/pages\/226\/revisions\/1955"}],"up":[{"embeddable":true,"href":"https:\/\/fruitmasters.com\/de\/wp-json\/wp\/v2\/pages\/123"}],"wp:attachment":[{"href":"https:\/\/fruitmasters.com\/de\/wp-json\/wp\/v2\/media?parent=226"}],"curies":[{"name":"wp","href":"https:\/\/api.w.org\/{rel}","templated":true}]}}