{"id":229,"date":"2016-10-11T12:15:41","date_gmt":"2016-10-11T12:15:41","guid":{"rendered":"http:\/\/fruitmasters.com\/nl\/?post_type=product&#038;p=229"},"modified":"2020-04-15T14:37:01","modified_gmt":"2020-04-15T14:37:01","slug":"apfelsinen","status":"publish","type":"page","link":"https:\/\/fruitmasters.com\/de\/produkte\/exotische-fruchte\/apfelsinen\/","title":{"rendered":"Apfelsinen"},"content":{"rendered":"<h1><img loading=\"lazy\" decoding=\"async\" class=\"alignright wp-image-1895 size-medium\" src=\"https:\/\/fruitmasters.com\/de\/wp-content\/uploads\/sites\/7\/2020\/04\/2020_Packshot_Sinaasappel_500x500px-300x300.png\" alt=\"\" width=\"300\" height=\"300\" srcset=\"https:\/\/fruitmasters.com\/de\/wp-content\/uploads\/sites\/7\/2020\/04\/2020_Packshot_Sinaasappel_500x500px-300x300.png 300w, https:\/\/fruitmasters.com\/de\/wp-content\/uploads\/sites\/7\/2020\/04\/2020_Packshot_Sinaasappel_500x500px-150x150.png 150w, https:\/\/fruitmasters.com\/de\/wp-content\/uploads\/sites\/7\/2020\/04\/2020_Packshot_Sinaasappel_500x500px.png 500w\" sizes=\"(max-width: 300px) 100vw, 300px\" \/><\/h1>\n<h1>Apfelsinen<\/h1>\n<p>Apfelsinen &#8211; auch Orangen genannt &#8211; sind die bekanntesten Zitrusfr\u00fcchte und mit mindestens 400 Varianten vertreten. Man kann sie grob in f\u00fcr den Verzehr und in f\u00fcr die Saftproduktion bestimmte Apfelsinen unterteilen. Da im niederl\u00e4ndischen Klima keine Apfelsinen wachsen, m\u00fcssen die Fr\u00fcchte importiert werden.<\/p>\n<p>&nbsp;<\/p>\n<h2>Apfelsinenzucht<\/h2>\n<p>Obwohl Apfelsinenb\u00e4ume ausschlie\u00dflich in (sub-)tropischen Gebieten gez\u00fcchtet werden, sind Zitrusb\u00e4ume eigentlich keine tropischen Pflanzen. Die Erde hat aber einen sogenannten Zitrusg\u00fcrtel, der sich zwischen 40\u00b0 n\u00f6rdlicher Breite und 40\u00b0 s\u00fcdlicher Breite erstreckt und f\u00fcr den Anbau von Zitrusfr\u00fcchten ideal geeignet ist.<\/p>\n<p>&nbsp;<\/p>\n<h2><\/h2>\n","protected":false},"excerpt":{"rendered":"<p>Apfelsinen Apfelsinen &#8211; auch Orangen genannt &#8211; sind die bekanntesten Zitrusfr\u00fcchte und mit mindestens 400 Varianten vertreten. Man kann sie grob in f\u00fcr den Verzehr und in f\u00fcr die Saftproduktion bestimmte Apfelsinen unterteilen. Da im niederl\u00e4ndischen Klima keine Apfelsinen wachsen, m\u00fcssen die Fr\u00fcchte importiert werden. &nbsp; Apfelsinenzucht Obwohl Apfelsinenb\u00e4ume ausschlie\u00dflich in (sub-)tropischen Gebieten gez\u00fcchtet werden, [&hellip;]<\/p>\n","protected":false},"author":7,"featured_media":0,"parent":123,"menu_order":0,"comment_status":"closed","ping_status":"closed","template":"page-wideheader.php","meta":{"footnotes":""},"acf":[],"_links":{"self":[{"href":"https:\/\/fruitmasters.com\/de\/wp-json\/wp\/v2\/pages\/229"}],"collection":[{"href":"https:\/\/fruitmasters.com\/de\/wp-json\/wp\/v2\/pages"}],"about":[{"href":"https:\/\/fruitmasters.com\/de\/wp-json\/wp\/v2\/types\/page"}],"author":[{"embeddable":true,"href":"https:\/\/fruitmasters.com\/de\/wp-json\/wp\/v2\/users\/7"}],"replies":[{"embeddable":true,"href":"https:\/\/fruitmasters.com\/de\/wp-json\/wp\/v2\/comments?post=229"}],"version-history":[{"count":6,"href":"https:\/\/fruitmasters.com\/de\/wp-json\/wp\/v2\/pages\/229\/revisions"}],"predecessor-version":[{"id":1954,"href":"https:\/\/fruitmasters.com\/de\/wp-json\/wp\/v2\/pages\/229\/revisions\/1954"}],"up":[{"embeddable":true,"href":"https:\/\/fruitmasters.com\/de\/wp-json\/wp\/v2\/pages\/123"}],"wp:attachment":[{"href":"https:\/\/fruitmasters.com\/de\/wp-json\/wp\/v2\/media?parent=229"}],"curies":[{"name":"wp","href":"https:\/\/api.w.org\/{rel}","templated":true}]}}