{"id":232,"date":"2016-10-11T12:18:13","date_gmt":"2016-10-11T12:18:13","guid":{"rendered":"http:\/\/fruitmasters.com\/nl\/?post_type=product&#038;p=232"},"modified":"2017-08-01T11:25:19","modified_gmt":"2017-08-01T11:25:19","slug":"industrieobst","status":"publish","type":"page","link":"https:\/\/fruitmasters.com\/de\/produkte\/industrieobst\/","title":{"rendered":"Industrieobst"},"content":{"rendered":"<h1>Industrieobst<\/h1>\n<p class=\"twocol\">FruitMasters vertreibt nur Obst von Obstzuchtbetrieben. Allerdings ist nicht jedes Obst f\u00fcr den frischen Verzehr geeignet. Deswegen bietet FruitMasters nicht nur mehrere Sortimente im Bereich Qualit\u00e4tsobst, sondern auch Industrieobst. \u00c4pfel, Birnen und Erdbeeren mit Besch\u00e4digungen und\/oder angegriffenem Fruchtfleisch werden unterschiedlichen Nahrungsmittelindustrien zur Verf\u00fcgung gestellt.<\/p>\n<p>&nbsp;<\/p>\n<h2>\u00a0Industrieobst f\u00fcr Endprodukte<\/h2>\n<p>Nicht f\u00fcr den frischen Verzehr bestimmte \u00c4pfel, Birnen und Erdbeeren sind zur Herstellung von Fertigprodukten geeignet. Dabei werden Obstst\u00fcckchen oder -scheibchen in Salaten verarbeitet. Au\u00dferdem werden \u00c4pfel und Birnen f\u00fcr Endprodukte in B\u00e4ckereien, Gastronomie und Catering gesch\u00e4lt und f\u00fcr die Herstellung von Kompott, Mus oder Saft verwendet.<\/p>\n","protected":false},"excerpt":{"rendered":"<p>Industrieobst FruitMasters vertreibt nur Obst von Obstzuchtbetrieben. Allerdings ist nicht jedes Obst f\u00fcr den frischen Verzehr geeignet. Deswegen bietet FruitMasters nicht nur mehrere Sortimente im Bereich Qualit\u00e4tsobst, sondern auch Industrieobst. \u00c4pfel, Birnen und Erdbeeren mit Besch\u00e4digungen und\/oder angegriffenem Fruchtfleisch werden unterschiedlichen Nahrungsmittelindustrien zur Verf\u00fcgung gestellt. &nbsp; \u00a0Industrieobst f\u00fcr Endprodukte Nicht f\u00fcr den frischen Verzehr bestimmte [&hellip;]<\/p>\n","protected":false},"author":7,"featured_media":0,"parent":110,"menu_order":0,"comment_status":"closed","ping_status":"closed","template":"page-wideheader.php","meta":{"footnotes":""},"acf":[],"_links":{"self":[{"href":"https:\/\/fruitmasters.com\/de\/wp-json\/wp\/v2\/pages\/232"}],"collection":[{"href":"https:\/\/fruitmasters.com\/de\/wp-json\/wp\/v2\/pages"}],"about":[{"href":"https:\/\/fruitmasters.com\/de\/wp-json\/wp\/v2\/types\/page"}],"author":[{"embeddable":true,"href":"https:\/\/fruitmasters.com\/de\/wp-json\/wp\/v2\/users\/7"}],"replies":[{"embeddable":true,"href":"https:\/\/fruitmasters.com\/de\/wp-json\/wp\/v2\/comments?post=232"}],"version-history":[{"count":5,"href":"https:\/\/fruitmasters.com\/de\/wp-json\/wp\/v2\/pages\/232\/revisions"}],"predecessor-version":[{"id":1642,"href":"https:\/\/fruitmasters.com\/de\/wp-json\/wp\/v2\/pages\/232\/revisions\/1642"}],"up":[{"embeddable":true,"href":"https:\/\/fruitmasters.com\/de\/wp-json\/wp\/v2\/pages\/110"}],"wp:attachment":[{"href":"https:\/\/fruitmasters.com\/de\/wp-json\/wp\/v2\/media?parent=232"}],"curies":[{"name":"wp","href":"https:\/\/api.w.org\/{rel}","templated":true}]}}