{"id":233,"date":"2016-10-11T12:30:21","date_gmt":"2016-10-11T12:30:21","guid":{"rendered":"http:\/\/fruitmasters.com\/nl\/?page_id=233"},"modified":"2018-06-26T11:29:21","modified_gmt":"2018-06-26T11:29:21","slug":"prestige","status":"publish","type":"page","link":"https:\/\/fruitmasters.com\/de\/marken\/prestige\/","title":{"rendered":"Prestige"},"content":{"rendered":"<h1>Prestige<sup><span style=\"font-size: xx-large\">\u00ae<\/span><\/sup>: Unsere Natur, Ihre pers\u00f6nliche Note<\/h1>\n<p><span style=\"color: #000000\">Es gibt nur ein Qualit\u00e4tssiegel f\u00fcr Beerenobst, auf das sich die K\u00fcchenprofis voll und ganz verlassen k\u00f6nnen. Das Siegel Prestige garantiert das beste und schmackhafteste Obst der h\u00f6chsten Qualit\u00e4t. Mit weniger geben wir uns nicht zufrieden. Zum optimalen Zeitpunkt von Hand geerntet auf holl\u00e4ndischem Boden. Mit Prestige k\u00f6nnen K\u00f6che, B\u00e4cker und Konditoren ihren Gerichten eine ganz pers\u00f6nliche Note verleihen. Die Anforderungen, die wir von Prestige an das Beerenobst stellen, sind hoch. Wir verwenden nur die absolute Spitzenqualit\u00e4t aus der Ernte der besten Z\u00fcchter, gepfl\u00fcckt zum optimalen Zeitpunkt. Und die K\u00fcchenprofis k\u00f6nnen davon profitieren.<\/span><\/p>\n<p>&nbsp;<\/p>\n<p>&nbsp;<\/p>\n","protected":false},"excerpt":{"rendered":"<p>Prestige\u00ae: Unsere Natur, Ihre pers\u00f6nliche Note Es gibt nur ein Qualit\u00e4tssiegel f\u00fcr Beerenobst, auf das sich die K\u00fcchenprofis voll und ganz verlassen k\u00f6nnen. Das Siegel Prestige garantiert das beste und schmackhafteste Obst der h\u00f6chsten Qualit\u00e4t. Mit weniger geben wir uns nicht zufrieden. Zum optimalen Zeitpunkt von Hand geerntet auf holl\u00e4ndischem Boden. Mit Prestige k\u00f6nnen K\u00f6che, [&hellip;]<\/p>\n","protected":false},"author":7,"featured_media":0,"parent":102,"menu_order":0,"comment_status":"closed","ping_status":"closed","template":"page-wideheader.php","meta":{"footnotes":""},"acf":[],"_links":{"self":[{"href":"https:\/\/fruitmasters.com\/de\/wp-json\/wp\/v2\/pages\/233"}],"collection":[{"href":"https:\/\/fruitmasters.com\/de\/wp-json\/wp\/v2\/pages"}],"about":[{"href":"https:\/\/fruitmasters.com\/de\/wp-json\/wp\/v2\/types\/page"}],"author":[{"embeddable":true,"href":"https:\/\/fruitmasters.com\/de\/wp-json\/wp\/v2\/users\/7"}],"replies":[{"embeddable":true,"href":"https:\/\/fruitmasters.com\/de\/wp-json\/wp\/v2\/comments?post=233"}],"version-history":[{"count":22,"href":"https:\/\/fruitmasters.com\/de\/wp-json\/wp\/v2\/pages\/233\/revisions"}],"predecessor-version":[{"id":1738,"href":"https:\/\/fruitmasters.com\/de\/wp-json\/wp\/v2\/pages\/233\/revisions\/1738"}],"up":[{"embeddable":true,"href":"https:\/\/fruitmasters.com\/de\/wp-json\/wp\/v2\/pages\/102"}],"wp:attachment":[{"href":"https:\/\/fruitmasters.com\/de\/wp-json\/wp\/v2\/media?parent=233"}],"curies":[{"name":"wp","href":"https:\/\/api.w.org\/{rel}","templated":true}]}}