{"id":235,"date":"2016-10-11T12:30:43","date_gmt":"2016-10-11T12:30:43","guid":{"rendered":"http:\/\/fruitmasters.com\/nl\/?page_id=235"},"modified":"2017-07-25T14:52:19","modified_gmt":"2017-07-25T14:52:19","slug":"produce-of-holland","status":"publish","type":"page","link":"https:\/\/fruitmasters.com\/de\/marken\/produce-of-holland\/","title":{"rendered":"Produce of Holland"},"content":{"rendered":"<h1>Produce of Holland<\/h1>\n<p dir=\"LTR\" align=\"LEFT\">Das \u00fcber FruitMasters exportierte Kernobst tr\u00e4gt den Namen \u201eProduce of Holland&#8221;. Die Niederlande sind f\u00fcr ihren hochklassigen Obstanbau bekannt. Deshalb ist niederl\u00e4ndisches Obst im Export sehr gefragt. Mit Obst aus Holland k\u00f6nnen Sie immer sicher sein, dass Frische, Geschmack und Qualit\u00e4t des Kernobsts den strengen niederl\u00e4ndischen Normen entsprechen.<\/p>\n<p>&nbsp;<\/p>\n","protected":false},"excerpt":{"rendered":"<p>Produce of Holland Das \u00fcber FruitMasters exportierte Kernobst tr\u00e4gt den Namen \u201eProduce of Holland&#8221;. Die Niederlande sind f\u00fcr ihren hochklassigen Obstanbau bekannt. Deshalb ist niederl\u00e4ndisches Obst im Export sehr gefragt. Mit Obst aus Holland k\u00f6nnen Sie immer sicher sein, dass Frische, Geschmack und Qualit\u00e4t des Kernobsts den strengen niederl\u00e4ndischen Normen entsprechen. &nbsp;<\/p>\n","protected":false},"author":7,"featured_media":0,"parent":102,"menu_order":0,"comment_status":"closed","ping_status":"closed","template":"page-wideheader.php","meta":{"footnotes":""},"acf":[],"_links":{"self":[{"href":"https:\/\/fruitmasters.com\/de\/wp-json\/wp\/v2\/pages\/235"}],"collection":[{"href":"https:\/\/fruitmasters.com\/de\/wp-json\/wp\/v2\/pages"}],"about":[{"href":"https:\/\/fruitmasters.com\/de\/wp-json\/wp\/v2\/types\/page"}],"author":[{"embeddable":true,"href":"https:\/\/fruitmasters.com\/de\/wp-json\/wp\/v2\/users\/7"}],"replies":[{"embeddable":true,"href":"https:\/\/fruitmasters.com\/de\/wp-json\/wp\/v2\/comments?post=235"}],"version-history":[{"count":10,"href":"https:\/\/fruitmasters.com\/de\/wp-json\/wp\/v2\/pages\/235\/revisions"}],"predecessor-version":[{"id":1675,"href":"https:\/\/fruitmasters.com\/de\/wp-json\/wp\/v2\/pages\/235\/revisions\/1675"}],"up":[{"embeddable":true,"href":"https:\/\/fruitmasters.com\/de\/wp-json\/wp\/v2\/pages\/102"}],"wp:attachment":[{"href":"https:\/\/fruitmasters.com\/de\/wp-json\/wp\/v2\/media?parent=235"}],"curies":[{"name":"wp","href":"https:\/\/api.w.org\/{rel}","templated":true}]}}