{"id":238,"date":"2016-10-11T12:34:48","date_gmt":"2016-10-11T12:34:48","guid":{"rendered":"http:\/\/fruitmasters.com\/nl\/?page_id=238"},"modified":"2023-10-12T07:02:31","modified_gmt":"2023-10-12T07:02:31","slug":"datenschutzerklarung","status":"publish","type":"page","link":"https:\/\/fruitmasters.com\/de\/datenschutzerklarung\/","title":{"rendered":"Datenschutzerkl\u00e4rung"},"content":{"rendered":"<h1><strong>Datenschutzerkl\u00e4rung<\/strong><\/h1>\n<p>FruitMasters nimmt den Datenschutz ernst. In der vorliegenden Datenschutzerkl\u00e4rung beschreiben wir kurz, wie wir mit den personenbezogenen Daten der Besucher dieser Website umgehen und wie wir diese Daten sch\u00fctzen.<\/p>\n<p>Sollten Sie nach dem Lesen dieses Dokuments noch Fragen haben, k\u00f6nnen Sie sich jederzeit unter <a href=\"mailto:info@fruitmasters.com\"><u>info@fruitmasters.com<\/u><\/a> mit uns in Verbindung setzen.<\/p>\n<h2>Zwecke, f\u00fcr die wir die Daten der Besucher unserer Website verarbeiten<\/h2>\n<p>Wenn Sie auf unserer Website ein Kontaktformular ausf\u00fcllen oder uns eine E-Mail schicken, werden die Daten, die Sie uns \u00fcbermitteln, so lange aufbewahrt, wie es nach Art des Formulars oder Inhalts Ihrer E-Mail f\u00fcr die vollst\u00e4ndige Beantwortung und Abwicklung notwendig ist.<\/p>\n<h2>Surfverhalten und Besuchsdaten<\/h2>\n<p>Auf unserer Website werden allgemeine Besuchsdaten erhoben. In diesem Zusammenhang k\u00f6nnen insbesondere die IP-Adresse Ihres Computers, Ihr eventueller Benutzername, der Zeitpunkt Ihres Besuchs und die Daten, die Ihr Browser mitsendet, gespeichert und f\u00fcr statistische Analysen des Besucher- und Klickverhaltens auf unserer Website verwendet werden. Au\u00dferdem k\u00f6nnen wir anhand dieser Daten die Funktion unserer Website optimieren. Wir versuchen, diese Daten so weit wie m\u00f6glich zu anonymisieren. Die Daten werden nicht an Dritte weitergegeben.<\/p>\n<h2>Google Analytics<\/h2>\n<p>Wir machen von Google Analytics Gebrauch, um zu registrieren, auf welche Weise die Besucher unsere Website nutzen. Die so erhobenen Daten einschlie\u00dflich der Adresse Ihres Computers (IP-Adresse) werden an Google \u00fcbermittelt und auf Servern in den Vereinigten Staaten gespeichert. N\u00e4here Informationen hierzu finden Sie in der <a href=\"http:\/\/www.google.com\/intl\/nl\/privacy\/ads\/\"><u>Datenschutzerkl\u00e4rung von Google<\/u><\/a>\u00a0sowie in der spezifischen <a href=\"https:\/\/www.google.com\/intl\/nl_nl\/analytics\/\"><u>Datenschutzerkl\u00e4rung von Google Analytics<\/u><\/a>.<\/p>\n<p>Google verwendet diese Informationen, um zu registrieren, auf welche Weise unsere Website genutzt wird, um uns Berichte \u00fcber die Website vorlegen zu k\u00f6nnen und um seinen Anzeigenkunden Daten \u00fcber die Effektivit\u00e4t ihrer Kampagnen verschaffen zu k\u00f6nnen. Google darf diese Informationen an Dritte weitergeben, wenn Google hierzu gesetzlich verpflichtet ist oder soweit diese Dritten die Daten im Auftrag von Google verarbeiten. Darauf haben wir keinen Einfluss. Wir haben es Google untersagt, die erhobenen Analytics-Daten f\u00fcr andere Google-Dienste zu verwenden.<\/p>\n<h2>Soziale Medien<\/h2>\n<p>Unsere Website enth\u00e4lt Links, mit deren Hilfe unsere Seiten \u00fcber soziale Medien promotet und geteilt werden k\u00f6nnen, beispielsweise \u00fcber Facebook, LinkedIn, YouTube und Twitter. Diese Links werden mithilfe von Codes realisiert, die uns von Facebook, LinkedIn, YouTube und Twitter selbst vorgelegt werden. Diese Codes installieren unter anderem ein Cookie (siehe unten).<\/p>\n<p>Lesen Sie die Datenschutzerkl\u00e4rung <a href=\"http:\/\/www.facebook.com\/policy.php\"><u>von Facebook,<\/u><\/a><a href=\"https:\/\/twitter.com\/privacy\"><u> Twitter<\/u><\/a>, <a href=\"https:\/\/www.youtube.com\/t\/terms\"><u>YouTube<\/u><\/a> und <a href=\"https:\/\/www.linkedin.com\/legal\/privacy-policy?trk=organization-guest_footer-privacy-policy\"><u>LinkedIn<\/u><\/a> (die regelm\u00e4\u00dfig ge\u00e4ndert werden k\u00f6nnen), um sich dar\u00fcber zu informieren, auf welche Weise diese Medien mit Ihren personenbezogenen Daten, die mithilfe dieses Codes verarbeitet werden, umgehen.<\/p>\n<h2>Verwendung von Cookies<\/h2>\n<p>Wir machen beim Angebot von elektronischen Dienstleistungen von Cookies Gebrauch. Ein Cookie ist eine einfache kleine Datei, die mit den Seiten unserer Webseiten mitgeschickt und von Ihrem Browser auf der Festplatte Ihres Computers abgelegt wird. Wir verwenden Cookies, um Ihre Einstellungen und Pr\u00e4ferenzen zu speichern. Sie k\u00f6nnen die Annahme von Cookies durch entsprechende Einstellung Ihres Browsers ablehnen; siehe beispielsweise diese <a href=\"http:\/\/www.consumentenbond.nl\/test\/elektronica-communicatie\/veilig-online\/privacy-op-internet\/extra\/cookies-verwijderen\/\"><u>Erl\u00e4uterung des niederl\u00e4ndischen Verbraucherschutzbunds (Consumentenbond)<\/u><\/a>.<\/p>\n<p>\u00dcber unsere Website werden auch Cookies des amerikanischen Unternehmens Google als Bestandteil des \u201eAnalytics\u201c-Dienstes verwendet. Wir machen von diesem Dienst Gebrauch, um zu ermitteln und Berichte dar\u00fcber zu erstellen, auf welche Weise die Besucher unsere Website nutzen. Google darf diese Informationen an Dritte weitergeben, wenn Google hierzu gesetzlich verpflichtet ist oder soweit diese Dritten die Daten im Auftrag von Google verarbeiten. Darauf haben wir keinen Einfluss.<\/p>\n<h2>\u00c4nderungen der Datenschutzerkl\u00e4rung<\/h2>\n<p>Wir behalten uns das Recht vor, diese Datenschutzerkl\u00e4rung zu \u00e4ndern. \u00c4nderungen werden auf dieser Website bekannt gegeben.<\/p>\n<h2>Verantwortlicher gem. Art 4 Abs. 7 DSGVO ist:<\/h2>\n<p>Verantwortlicher im Sinne der Datenschutz-Grundverordnung, sonstiger in den Mitgliedstaaten der Europ\u00e4ischen Union geltenden Datenschutzgesetze und anderer Bestimmungen mit datenschutzrechtlichem Charakter ist die:<br \/>\nVerantwortlicher ist:<br \/>\n<strong>Privacy Task Force FruitMasters<\/strong><\/p>\n<p><a href=\"mailto:privacy@fruitmasters.nl\">privacy@fruitmasters.nl<\/a><\/p>\n<div class=\"group-title group-title--fullwidth\">\n<h2 class=\"group-title__headline \">Datenschutzbeauftragter<\/h2>\n<\/div>\n<div class=\"abstractContentDialogComponent parbase section abstractContentComponent textimage\">\n<div class=\"grid-section grid-group\">\n<div class=\"grid-col span_12_of_12\">\n<div class=\"textmedia textmedia--right h-clearfix\">\n<div class=\"textmedia__inner\">\n<div class=\"textmedia__text \">\n<p>Unser Datenschutzbeauftragter steht Ihnen als Ansprechpartner f\u00fcr datenschutzbezogene Anliegen zur Verf\u00fcgung:<\/p>\n<p><strong>trans-acta Datenschutz GmbH<\/strong><\/p>\n<p>Egbert-Snoek-Stra\u00dfe 1<br \/>\n48155 M\u00fcnster<br \/>\n<span lang=\"DE\"><a title=\"mailto:info@trans-acta.it\" href=\"mailto:info@trans-acta.it\">info@trans-acta.com<\/a><\/span><\/p>\n<\/div>\n<\/div>\n<\/div>\n<\/div>\n<\/div>\n<\/div>\n","protected":false},"excerpt":{"rendered":"<p>Datenschutzerkl\u00e4rung FruitMasters nimmt den Datenschutz ernst. In der vorliegenden Datenschutzerkl\u00e4rung beschreiben wir kurz, wie wir mit den personenbezogenen Daten der Besucher dieser Website umgehen und wie wir diese Daten sch\u00fctzen. Sollten Sie nach dem Lesen dieses Dokuments noch Fragen haben, k\u00f6nnen Sie sich jederzeit unter info@fruitmasters.com mit uns in Verbindung setzen. Zwecke, f\u00fcr die wir [&hellip;]<\/p>\n","protected":false},"author":7,"featured_media":0,"parent":0,"menu_order":0,"comment_status":"closed","ping_status":"closed","template":"page-wideheader.php","meta":{"footnotes":""},"acf":[],"_links":{"self":[{"href":"https:\/\/fruitmasters.com\/de\/wp-json\/wp\/v2\/pages\/238"}],"collection":[{"href":"https:\/\/fruitmasters.com\/de\/wp-json\/wp\/v2\/pages"}],"about":[{"href":"https:\/\/fruitmasters.com\/de\/wp-json\/wp\/v2\/types\/page"}],"author":[{"embeddable":true,"href":"https:\/\/fruitmasters.com\/de\/wp-json\/wp\/v2\/users\/7"}],"replies":[{"embeddable":true,"href":"https:\/\/fruitmasters.com\/de\/wp-json\/wp\/v2\/comments?post=238"}],"version-history":[{"count":11,"href":"https:\/\/fruitmasters.com\/de\/wp-json\/wp\/v2\/pages\/238\/revisions"}],"predecessor-version":[{"id":2063,"href":"https:\/\/fruitmasters.com\/de\/wp-json\/wp\/v2\/pages\/238\/revisions\/2063"}],"wp:attachment":[{"href":"https:\/\/fruitmasters.com\/de\/wp-json\/wp\/v2\/media?parent=238"}],"curies":[{"name":"wp","href":"https:\/\/api.w.org\/{rel}","templated":true}]}}