{"id":241,"date":"2016-10-11T12:35:46","date_gmt":"2016-10-11T12:35:46","guid":{"rendered":"http:\/\/fruitmasters.com\/nl\/?page_id=241"},"modified":"2020-01-17T10:16:49","modified_gmt":"2020-01-17T10:16:49","slug":"allgemeine-geschaftsbedingungen-fruitmasters-holland","status":"publish","type":"page","link":"https:\/\/fruitmasters.com\/de\/allgemeine-geschaftsbedingungen-fruitmasters-holland\/","title":{"rendered":"Allgemeine Gesch\u00e4ftsbedingungen FruitMasters Holland"},"content":{"rendered":"<h1>Allgemeine Gesch\u00e4ftsbedingungen FruitMasters Holland<\/h1>\n<p><span id=\"result_box\" lang=\"de\">Die Allgemeinen Gesch\u00e4ftsbedingungen der Fruitmasters Holland BV gelten f\u00fcr alle Transaktionen zwischen der Fruitmasters Holland BV und Dritten, sofern sie nicht ausdr\u00fccklich ausgeschlossen sind. Sie k\u00f6nnen die allgemeinen Gesch\u00e4ftsbedingungen hier herunterladen.<\/span><\/p>\n","protected":false},"excerpt":{"rendered":"<p>Allgemeine Gesch\u00e4ftsbedingungen FruitMasters Holland Die Allgemeinen Gesch\u00e4ftsbedingungen der Fruitmasters Holland BV gelten f\u00fcr alle Transaktionen zwischen der Fruitmasters Holland BV und Dritten, sofern sie nicht ausdr\u00fccklich ausgeschlossen sind. Sie k\u00f6nnen die allgemeinen Gesch\u00e4ftsbedingungen hier herunterladen.<\/p>\n","protected":false},"author":7,"featured_media":0,"parent":0,"menu_order":0,"comment_status":"closed","ping_status":"closed","template":"page-wideheader.php","meta":{"footnotes":""},"acf":[],"_links":{"self":[{"href":"https:\/\/fruitmasters.com\/de\/wp-json\/wp\/v2\/pages\/241"}],"collection":[{"href":"https:\/\/fruitmasters.com\/de\/wp-json\/wp\/v2\/pages"}],"about":[{"href":"https:\/\/fruitmasters.com\/de\/wp-json\/wp\/v2\/types\/page"}],"author":[{"embeddable":true,"href":"https:\/\/fruitmasters.com\/de\/wp-json\/wp\/v2\/users\/7"}],"replies":[{"embeddable":true,"href":"https:\/\/fruitmasters.com\/de\/wp-json\/wp\/v2\/comments?post=241"}],"version-history":[{"count":7,"href":"https:\/\/fruitmasters.com\/de\/wp-json\/wp\/v2\/pages\/241\/revisions"}],"predecessor-version":[{"id":1826,"href":"https:\/\/fruitmasters.com\/de\/wp-json\/wp\/v2\/pages\/241\/revisions\/1826"}],"wp:attachment":[{"href":"https:\/\/fruitmasters.com\/de\/wp-json\/wp\/v2\/media?parent=241"}],"curies":[{"name":"wp","href":"https:\/\/api.w.org\/{rel}","templated":true}]}}