{"id":26,"date":"2016-09-06T08:54:05","date_gmt":"2016-09-06T08:54:05","guid":{"rendered":"http:\/\/fruitmasters.dev\/nl\/?page_id=26"},"modified":"2017-07-25T14:54:49","modified_gmt":"2017-07-25T14:54:49","slug":"organisation","status":"publish","type":"page","link":"https:\/\/fruitmasters.com\/de\/organisation\/","title":{"rendered":"Organisation"},"content":{"rendered":"<h1>Organisation<\/h1>\n<p class=\"twocol\">Was einst im Jahr 1904 als Versteigerung von Kirschen begann, hat sich mittlerweile zu einem der st\u00e4rksten Spieler auf dem europ\u00e4ischen Obstmarkt entwickelt. Als Verl\u00e4ngerung der G\u00e4rtner k\u00fcmmert FruitMasters f\u00fcr ihre Mitglieder sowie f\u00fcr Lieferanten in der ganzen Welt um den Absatz von Obst.<\/p>\n","protected":false},"excerpt":{"rendered":"<p>Organisation Was einst im Jahr 1904 als Versteigerung von Kirschen begann, hat sich mittlerweile zu einem der st\u00e4rksten Spieler auf dem europ\u00e4ischen Obstmarkt entwickelt. Als Verl\u00e4ngerung der G\u00e4rtner k\u00fcmmert FruitMasters f\u00fcr ihre Mitglieder sowie f\u00fcr Lieferanten in der ganzen Welt um den Absatz von Obst.<\/p>\n","protected":false},"author":2,"featured_media":0,"parent":0,"menu_order":0,"comment_status":"closed","ping_status":"closed","template":"page-wideheader.php","meta":{"footnotes":""},"acf":[],"_links":{"self":[{"href":"https:\/\/fruitmasters.com\/de\/wp-json\/wp\/v2\/pages\/26"}],"collection":[{"href":"https:\/\/fruitmasters.com\/de\/wp-json\/wp\/v2\/pages"}],"about":[{"href":"https:\/\/fruitmasters.com\/de\/wp-json\/wp\/v2\/types\/page"}],"author":[{"embeddable":true,"href":"https:\/\/fruitmasters.com\/de\/wp-json\/wp\/v2\/users\/2"}],"replies":[{"embeddable":true,"href":"https:\/\/fruitmasters.com\/de\/wp-json\/wp\/v2\/comments?post=26"}],"version-history":[{"count":12,"href":"https:\/\/fruitmasters.com\/de\/wp-json\/wp\/v2\/pages\/26\/revisions"}],"predecessor-version":[{"id":1651,"href":"https:\/\/fruitmasters.com\/de\/wp-json\/wp\/v2\/pages\/26\/revisions\/1651"}],"wp:attachment":[{"href":"https:\/\/fruitmasters.com\/de\/wp-json\/wp\/v2\/media?parent=26"}],"curies":[{"name":"wp","href":"https:\/\/api.w.org\/{rel}","templated":true}]}}