{"id":458,"date":"2016-11-06T10:15:28","date_gmt":"2016-11-06T10:15:28","guid":{"rendered":"http:\/\/fruitmasters.com\/nl\/?page_id=458"},"modified":"2022-08-08T08:02:00","modified_gmt":"2022-08-08T08:02:00","slug":"nachhaltigkeit","status":"publish","type":"page","link":"https:\/\/fruitmasters.com\/de\/organisation\/nachhaltigkeit\/","title":{"rendered":"Nachhaltigkeit"},"content":{"rendered":"<h1 align=\"LEFT\">Nachhaltigkeit: heute Entscheidungen f\u00fcr besseres Obst treffen<\/h1>\n<p dir=\"LTR\" align=\"LEFT\">FruitMasters steht f\u00fcr das Beste von Mensch und Natur. Soziale Unternehmensverantwortung ist in der DNA unseres Unternehmens fest verankert. Wir meinen damit die Art und Weise, in der wir unsere Kernaufgaben als Vermarktungsorganisation ausf\u00fchren. Ausgehend von dem Kernwert \u201egemeinsam bessere Leistungen erbringen&#8221; tr\u00e4gt FruitMasters das genossenschaftliche Modell voller Stolz weiter. Es bildet die Grundlage f\u00fcr das t\u00e4gliche Handeln aller Mitarbeiter, die gemeinsam mit Mitgliedern und Kunden an einer nachhaltigen Obstlieferkette arbeiten, bei der Mensch, Umwelt und Ertr\u00e4ge im Mittelpunkt stehen.<\/p>\n<p class=\"onecol\">\n<p>Diese Aufmerksamkeit f\u00fcr Nachhaltigkeit entspricht dem ISO 14001-Zertifikat.<\/p>\n","protected":false},"excerpt":{"rendered":"<p>Nachhaltigkeit: heute Entscheidungen f\u00fcr besseres Obst treffen FruitMasters steht f\u00fcr das Beste von Mensch und Natur. Soziale Unternehmensverantwortung ist in der DNA unseres Unternehmens fest verankert. Wir meinen damit die Art und Weise, in der wir unsere Kernaufgaben als Vermarktungsorganisation ausf\u00fchren. Ausgehend von dem Kernwert \u201egemeinsam bessere Leistungen erbringen&#8221; tr\u00e4gt FruitMasters das genossenschaftliche Modell voller [&hellip;]<\/p>\n","protected":false},"author":7,"featured_media":0,"parent":26,"menu_order":0,"comment_status":"closed","ping_status":"closed","template":"page-wideheader.php","meta":{"footnotes":""},"acf":[],"_links":{"self":[{"href":"https:\/\/fruitmasters.com\/de\/wp-json\/wp\/v2\/pages\/458"}],"collection":[{"href":"https:\/\/fruitmasters.com\/de\/wp-json\/wp\/v2\/pages"}],"about":[{"href":"https:\/\/fruitmasters.com\/de\/wp-json\/wp\/v2\/types\/page"}],"author":[{"embeddable":true,"href":"https:\/\/fruitmasters.com\/de\/wp-json\/wp\/v2\/users\/7"}],"replies":[{"embeddable":true,"href":"https:\/\/fruitmasters.com\/de\/wp-json\/wp\/v2\/comments?post=458"}],"version-history":[{"count":23,"href":"https:\/\/fruitmasters.com\/de\/wp-json\/wp\/v2\/pages\/458\/revisions"}],"predecessor-version":[{"id":2052,"href":"https:\/\/fruitmasters.com\/de\/wp-json\/wp\/v2\/pages\/458\/revisions\/2052"}],"up":[{"embeddable":true,"href":"https:\/\/fruitmasters.com\/de\/wp-json\/wp\/v2\/pages\/26"}],"wp:attachment":[{"href":"https:\/\/fruitmasters.com\/de\/wp-json\/wp\/v2\/media?parent=458"}],"curies":[{"name":"wp","href":"https:\/\/api.w.org\/{rel}","templated":true}]}}