{"id":69,"date":"2016-09-30T13:32:35","date_gmt":"2016-09-30T13:32:35","guid":{"rendered":"http:\/\/fruitmasters.dev\/nl\/?page_id=69"},"modified":"2025-09-01T14:33:36","modified_gmt":"2025-09-01T14:33:36","slug":"lebensmittelsicherheit","status":"publish","type":"page","link":"https:\/\/fruitmasters.com\/de\/organisation\/lebensmittelsicherheit\/","title":{"rendered":"Lebensmittel sicherheit"},"content":{"rendered":"<h2>Lebensmittelsicherheit<\/h2>\n<p dir=\"LTR\" align=\"LEFT\">Lebensmittelsicherheit bedeutet, Erkrankungen oder Verletzungen von Verbrauchern infolge des Konsums eines Lebensmittels auszuschlie\u00dfen. Die Sicherheit von Lebensmitteln ist ein weltweites Anliegen. Nicht nur wegen ihrer Bedeutung f\u00fcr die \u00f6ffentliche Gesundheit; auch wegen ihres Einflusses auf den internationalen Handel. Unser Obst enth\u00e4lt essentielle N\u00e4hrstoffe wie z. B. Vitamine und Kohlenhydrate. Unsere Produkte sind nicht nur schmackhaft, sondern auch gesund. Aber Fruitmasters \u00fcbernimmt durch sorgf\u00e4ltige Kontrolle der Lebensmittelsicherheit innerhalb der Lieferkette auch Verantwortung. Mit den Zertifikaten von Erzeugern und FruitMasters haben unsere Kunden das Schwarz auf Wei\u00df.<\/p>\n<h2><\/h2>\n<h2>R\u00fcckverfolgbarkeit f\u00fcr Lebensmittelsicherheit<\/h2>\n<p dir=\"LTR\" align=\"LEFT\">Ein wichtiger Aspekt im Rahmen der Gew\u00e4hrleistung von Qualit\u00e4t und Lebensmittelsicherheit ist die R\u00fcckverfolgbarkeit. In unserem Erzeuger-Registrierungssystem werden alle Faktoren innerhalb der Lieferkette \u00fcbersichtlich aufgef\u00fchrt: von Grundst\u00fccksdaten bis hin zur Verwendung von Pflanzenschutzmitteln. Wir k\u00f6nnen die Lebensmittelsicherheit gew\u00e4hrleisten, denn wir registrieren, messen und pr\u00fcfen alle Aspekte von Anfang bis Ende. Sie erhalten die gew\u00fcnschten Produkte: sicher und mit der gew\u00fcnschten Qualit\u00e4t.<\/p>\n<h2><\/h2>\n<h2>Zertifikate<\/h2>\n<p dir=\"LTR\" align=\"LEFT\">Unser Obst erf\u00fcllt die niederl\u00e4ndischen und weltweiten Lebensmittelsicherheitsnormen, aber auch kundenspezifische Anforderungen wie z. B. von Tesco Nurture. Grundlage f\u00fcr ein gesundes, sicheres Produkt sind die Obsterzeuger, die deshalb auch nach GlobalG.A.P. zertifiziert sind. FruitMasters verf\u00fcgt \u00fcber Zertifikate von BRC, IFS und IFS Broker auf h\u00f6chstem Niveau. Dar\u00fcber hinaus ist FruitMasters auch QS-zertifiziert.<\/p>\n","protected":false},"excerpt":{"rendered":"<p>Lebensmittelsicherheit Lebensmittelsicherheit bedeutet, Erkrankungen oder Verletzungen von Verbrauchern infolge des Konsums eines Lebensmittels auszuschlie\u00dfen. Die Sicherheit von Lebensmitteln ist ein weltweites Anliegen. Nicht nur wegen ihrer Bedeutung f\u00fcr die \u00f6ffentliche Gesundheit; auch wegen ihres Einflusses auf den internationalen Handel. Unser Obst enth\u00e4lt essentielle N\u00e4hrstoffe wie z. B. Vitamine und Kohlenhydrate. Unsere Produkte sind nicht nur [&hellip;]<\/p>\n","protected":false},"author":2,"featured_media":0,"parent":26,"menu_order":0,"comment_status":"closed","ping_status":"closed","template":"page-wideheader.php","meta":{"footnotes":""},"acf":[],"_links":{"self":[{"href":"https:\/\/fruitmasters.com\/de\/wp-json\/wp\/v2\/pages\/69"}],"collection":[{"href":"https:\/\/fruitmasters.com\/de\/wp-json\/wp\/v2\/pages"}],"about":[{"href":"https:\/\/fruitmasters.com\/de\/wp-json\/wp\/v2\/types\/page"}],"author":[{"embeddable":true,"href":"https:\/\/fruitmasters.com\/de\/wp-json\/wp\/v2\/users\/2"}],"replies":[{"embeddable":true,"href":"https:\/\/fruitmasters.com\/de\/wp-json\/wp\/v2\/comments?post=69"}],"version-history":[{"count":47,"href":"https:\/\/fruitmasters.com\/de\/wp-json\/wp\/v2\/pages\/69\/revisions"}],"predecessor-version":[{"id":2131,"href":"https:\/\/fruitmasters.com\/de\/wp-json\/wp\/v2\/pages\/69\/revisions\/2131"}],"up":[{"embeddable":true,"href":"https:\/\/fruitmasters.com\/de\/wp-json\/wp\/v2\/pages\/26"}],"wp:attachment":[{"href":"https:\/\/fruitmasters.com\/de\/wp-json\/wp\/v2\/media?parent=69"}],"curies":[{"name":"wp","href":"https:\/\/api.w.org\/{rel}","templated":true}]}}