{"id":718,"date":"2016-11-09T10:29:09","date_gmt":"2016-11-09T10:29:09","guid":{"rendered":"http:\/\/fruitmasters.com\/nl\/?page_id=718"},"modified":"2020-04-15T14:28:23","modified_gmt":"2020-04-15T14:28:23","slug":"wellant","status":"publish","type":"page","link":"https:\/\/fruitmasters.com\/de\/produkte\/apfel\/wellant\/","title":{"rendered":"Wellant"},"content":{"rendered":"<h1><img loading=\"lazy\" decoding=\"async\" class=\"alignright wp-image-1900 size-medium\" src=\"https:\/\/fruitmasters.com\/de\/wp-content\/uploads\/sites\/7\/2020\/04\/2020_Packshot_Wellant_500x500px-300x300.png\" alt=\"\" width=\"300\" height=\"300\" srcset=\"https:\/\/fruitmasters.com\/de\/wp-content\/uploads\/sites\/7\/2020\/04\/2020_Packshot_Wellant_500x500px-300x300.png 300w, https:\/\/fruitmasters.com\/de\/wp-content\/uploads\/sites\/7\/2020\/04\/2020_Packshot_Wellant_500x500px-150x150.png 150w, https:\/\/fruitmasters.com\/de\/wp-content\/uploads\/sites\/7\/2020\/04\/2020_Packshot_Wellant_500x500px.png 500w\" sizes=\"(max-width: 300px) 100vw, 300px\" \/><\/h1>\n<h1>Wellant<\/h1>\n<p>Der Wellant-Apfel stammt aus Wageningen und ist somit ein durch und durch holl\u00e4ndisches Produkt. Entstanden ist er durch Kreuzung einer Auswahl niederl\u00e4ndischer Sorten mit Elise. Mit seinen klassisch roten Apfelb\u00e4ckchen, dem rustikalen Aussehen und dem sehr robusten Format zieht der Wellant in der Obstabteilung die Blicke sofort auf sich. W\u00e4hrend seiner ruhigen Wachstumsphase nimmt dieser Apfel alles Gute in sich auf, was Mutter Natur zu bieten hat. Das Ergebnis: ein ausgepr\u00e4gter Geschmack und ein robustes Format. Mit seinem intensiven Geschmack und dem fruchtigen Duft ist der Wellant ein schmackhafter , au\u00dfergew\u00f6hnlicher Apfel, der auch echte \u201eConnaisseurs\u201c f\u00fcr sich einnimmt.<\/p>\n<p>&nbsp;<\/p>\n<h2>Apfelzucht<\/h2>\n<p>Der Wellant wird mit gr\u00f6\u00dfter Sorgfalt von zahlreichen Obstz\u00fcchtern in den Niederlanden in Gebieten mit besonders fruchtbarem Boden angebaut. Bekannte Anbaugebiete sind das Flussgebiet von Utrecht und Gelderland, die H\u00fcgellandschaften S\u00fcdlimburgs sowie Zuid-Beveland in Seeland. Der Boden in diesen Gebieten ist reich an Mineralien und nimmt genug Wasser auf. Beste Bedingungen f\u00fcr hervorragendes Gedeihen der B\u00e4ume! Das Ergebnis: vollmundige, qualitativ ausgezeichnete \u00c4pfel. St\u00e4ndige Qualit\u00e4tskontrollen \u00fcberlassen dabei nichts dem Zufall.<\/p>\n","protected":false},"excerpt":{"rendered":"<p>Wellant Der Wellant-Apfel stammt aus Wageningen und ist somit ein durch und durch holl\u00e4ndisches Produkt. Entstanden ist er durch Kreuzung einer Auswahl niederl\u00e4ndischer Sorten mit Elise. Mit seinen klassisch roten Apfelb\u00e4ckchen, dem rustikalen Aussehen und dem sehr robusten Format zieht der Wellant in der Obstabteilung die Blicke sofort auf sich. W\u00e4hrend seiner ruhigen Wachstumsphase nimmt [&hellip;]<\/p>\n","protected":false},"author":8,"featured_media":0,"parent":730,"menu_order":0,"comment_status":"closed","ping_status":"closed","template":"page-wideheader.php","meta":{"footnotes":""},"acf":[],"_links":{"self":[{"href":"https:\/\/fruitmasters.com\/de\/wp-json\/wp\/v2\/pages\/718"}],"collection":[{"href":"https:\/\/fruitmasters.com\/de\/wp-json\/wp\/v2\/pages"}],"about":[{"href":"https:\/\/fruitmasters.com\/de\/wp-json\/wp\/v2\/types\/page"}],"author":[{"embeddable":true,"href":"https:\/\/fruitmasters.com\/de\/wp-json\/wp\/v2\/users\/8"}],"replies":[{"embeddable":true,"href":"https:\/\/fruitmasters.com\/de\/wp-json\/wp\/v2\/comments?post=718"}],"version-history":[{"count":7,"href":"https:\/\/fruitmasters.com\/de\/wp-json\/wp\/v2\/pages\/718\/revisions"}],"predecessor-version":[{"id":1932,"href":"https:\/\/fruitmasters.com\/de\/wp-json\/wp\/v2\/pages\/718\/revisions\/1932"}],"up":[{"embeddable":true,"href":"https:\/\/fruitmasters.com\/de\/wp-json\/wp\/v2\/pages\/730"}],"wp:attachment":[{"href":"https:\/\/fruitmasters.com\/de\/wp-json\/wp\/v2\/media?parent=718"}],"curies":[{"name":"wp","href":"https:\/\/api.w.org\/{rel}","templated":true}]}}