{"id":724,"date":"2016-11-09T10:36:20","date_gmt":"2016-11-09T10:36:20","guid":{"rendered":"http:\/\/fruitmasters.com\/nl\/?page_id=724"},"modified":"2020-04-15T14:27:09","modified_gmt":"2020-04-15T14:27:09","slug":"red-prince-2","status":"publish","type":"page","link":"https:\/\/fruitmasters.com\/de\/produkte\/apfel\/red-prince-2\/","title":{"rendered":"Red Prince"},"content":{"rendered":"<h1>Red Prince<\/h1>\n<p><img loading=\"lazy\" decoding=\"async\" class=\"alignright wp-image-1891 size-medium\" src=\"https:\/\/fruitmasters.com\/de\/wp-content\/uploads\/sites\/7\/2020\/04\/2020_Packshot_Red_Prince_500x500px-300x300.png\" alt=\"\" width=\"300\" height=\"300\" srcset=\"https:\/\/fruitmasters.com\/de\/wp-content\/uploads\/sites\/7\/2020\/04\/2020_Packshot_Red_Prince_500x500px-300x300.png 300w, https:\/\/fruitmasters.com\/de\/wp-content\/uploads\/sites\/7\/2020\/04\/2020_Packshot_Red_Prince_500x500px-150x150.png 150w, https:\/\/fruitmasters.com\/de\/wp-content\/uploads\/sites\/7\/2020\/04\/2020_Packshot_Red_Prince_500x500px.png 500w\" sizes=\"(max-width: 300px) 100vw, 300px\" \/><\/p>\n<p>Red Prince ist aus einer Kreuzung zwischen Gala und Elstar entstanden und ist ein knackiger, kegelf\u00f6rmiger Apfel. Er hat eine gelbgr\u00fcne bis gelbe Grundfarbe und verf\u00e4rbt sich w\u00e4hrend des Reifeprozesses hellrot. Das Fruchtfleisch ist gr\u00fcngelb bis gr\u00fcnlich wei\u00df und ausgesprochen saftig. Der Apfel hat einen charakteristischen s\u00fc\u00dfen Geschmack und ein \u00fcberraschend frisches Aroma.<\/p>\n<p>&nbsp;<\/p>\n<h2>Apfelzucht<\/h2>\n<p>Der Red Prince wird mit gr\u00f6\u00dfter Sorgfalt von zahlreichen Obstz\u00fcchtern in den Niederlanden in Gebieten mit besonders fruchtbarem Boden angebaut. Bekannte Anbaugebiete sind das Flussgebiet von Utrecht und Gelderland, die H\u00fcgellandschaften S\u00fcdlimburgs sowie Zuid-Beveland in Seeland. Der Boden in diesen Gebieten ist reich an Mineralien und nimmt genug Wasser auf. Beste Bedingungen f\u00fcr hervorragendes Gedeihen der B\u00e4ume! Das Ergebnis: vollmundige, qualitativ ausgezeichnete \u00c4pfel. St\u00e4ndige Qualit\u00e4tskontrollen \u00fcberlassen dabei nichts dem Zufall.<\/p>\n","protected":false},"excerpt":{"rendered":"<p>Red Prince Red Prince ist aus einer Kreuzung zwischen Gala und Elstar entstanden und ist ein knackiger, kegelf\u00f6rmiger Apfel. Er hat eine gelbgr\u00fcne bis gelbe Grundfarbe und verf\u00e4rbt sich w\u00e4hrend des Reifeprozesses hellrot. Das Fruchtfleisch ist gr\u00fcngelb bis gr\u00fcnlich wei\u00df und ausgesprochen saftig. Der Apfel hat einen charakteristischen s\u00fc\u00dfen Geschmack und ein \u00fcberraschend frisches Aroma. [&hellip;]<\/p>\n","protected":false},"author":8,"featured_media":0,"parent":730,"menu_order":0,"comment_status":"closed","ping_status":"closed","template":"page-wideheader.php","meta":{"footnotes":""},"acf":[],"_links":{"self":[{"href":"https:\/\/fruitmasters.com\/de\/wp-json\/wp\/v2\/pages\/724"}],"collection":[{"href":"https:\/\/fruitmasters.com\/de\/wp-json\/wp\/v2\/pages"}],"about":[{"href":"https:\/\/fruitmasters.com\/de\/wp-json\/wp\/v2\/types\/page"}],"author":[{"embeddable":true,"href":"https:\/\/fruitmasters.com\/de\/wp-json\/wp\/v2\/users\/8"}],"replies":[{"embeddable":true,"href":"https:\/\/fruitmasters.com\/de\/wp-json\/wp\/v2\/comments?post=724"}],"version-history":[{"count":7,"href":"https:\/\/fruitmasters.com\/de\/wp-json\/wp\/v2\/pages\/724\/revisions"}],"predecessor-version":[{"id":1928,"href":"https:\/\/fruitmasters.com\/de\/wp-json\/wp\/v2\/pages\/724\/revisions\/1928"}],"up":[{"embeddable":true,"href":"https:\/\/fruitmasters.com\/de\/wp-json\/wp\/v2\/pages\/730"}],"wp:attachment":[{"href":"https:\/\/fruitmasters.com\/de\/wp-json\/wp\/v2\/media?parent=724"}],"curies":[{"name":"wp","href":"https:\/\/api.w.org\/{rel}","templated":true}]}}