{"id":73,"date":"2016-09-30T13:43:47","date_gmt":"2016-09-30T13:43:47","guid":{"rendered":"http:\/\/fruitmasters.dev\/nl\/?page_id=73"},"modified":"2017-07-25T14:34:48","modified_gmt":"2017-07-25T14:34:48","slug":"haftungsausschluss","status":"publish","type":"page","link":"https:\/\/fruitmasters.com\/de\/haftungsausschluss\/","title":{"rendered":"Haftungsausschluss"},"content":{"rendered":"<h1>Haftungsausschluss<\/h1>\n<p>1. In diesem Haftungsausschluss wird definiert als:<\/p>\n<ul>\n<li>Internetseite: jede Internetseite, auf der der Herausgeber einen Hyperlink zu diesem Haftungsausschluss schaltet mit der Absicht, diesen Haftungsausschluss bez\u00fcglich des Inhalts der betreffenden Internetseite als g\u00fcltig zu erkl\u00e4ren;<\/li>\n<li>der Herausgeber: Fruitmasters;<\/li>\n<li>Nutzung\/nutzen: unter anderem das Laden, Einloggen, Aufrufen, Konsultieren, Lesen, Betrachten, Anh\u00f6ren, Bearbeiten, Ausf\u00fcllen (von Formularen), Versenden, (zeitweilige) Kopieren, Speichern, Weiterleiten, Verbreiten, die Inanspruchnahme von Diensten, die T\u00e4tigung von Rechtsgesch\u00e4ften (z.B. das Kaufen, Mieten);<\/li>\n<li>Sie: die nat\u00fcrlichen oder juristischen Personen bzw. deren Vertreter, die die Internetseite nutzen;<\/li>\n<li>der Inhalt: unter anderem Texte, Abbildungen, Hyperlinks, Ton- und\/oder Videofragmente und\/oder andere Objekte;<\/li>\n<li>Schaden: direkter oder indirekter Schaden gleich welcher Art, unter anderem verloren gegangene Daten und Gegenst\u00e4nde, entgangener Umsatz, Gewinn oder andere wirtschaftliche Nachteile.<\/li>\n<\/ul>\n<p>2. Untenstehendes gilt f\u00fcr die Internetseite. Durch die Nutzung der Internetseite stimmen Sie diesem Haftungsausschluss zu.<\/p>\n<p>3. Der Herausgeber setzt sich f\u00fcr eine regelm\u00e4\u00dfige Aktualisierung und\/oder Erg\u00e4nzung des Inhalts der Internetseite ein. Trotz dieser Bem\u00fchungen und Sorgfalt ist es nicht ausgeschlossen, dass der Inhalt unvollst\u00e4ndig und\/oder unrichtig ist.<\/p>\n<p>4. Der Herausgeber stellt den Inhalt der Internetseite in dem Zustand bereit, in dem er sich faktisch befindet, ohne Garantie oder Gew\u00e4hrleistung im Hinblick auf die Rechtm\u00e4\u00dfigkeit und Eignung f\u00fcr bestimmte oder sonstige Zwecke. Der Inhalt ist experimenteller Natur und f\u00fcr den privaten Gebrauch bestimmt.<\/p>\n<p>5. Der Herausgeber haftet nicht f\u00fcr entstandene Sch\u00e4den oder drohende Sch\u00e4den, ebenso wenig wie f\u00fcr Sch\u00e4den, die indirekt aus der Nutzung oder der nicht m\u00f6glichen Konsultation der Internetseite entstanden sind.<\/p>\n<p>6. Der Herausgeber darf die Internetseite nach eigenem Gutd\u00fcnken ohne vorherige Ank\u00fcndigung jederzeit, wenn er dies als w\u00fcnschenswert oder angebracht erachtet, ver\u00e4ndern (lassen) oder auch beenden. Der Herausgeber ist nicht haftbar f\u00fcr die Folgen jedweder Ver\u00e4nderungen oder der Beendigung.<\/p>\n<p>7. Au\u00dferhalb des Rahmens dieses Haftungsausschlusses haftet der Herausgeber nicht f\u00fcr an die Internetseite gekn\u00fcpfte Dateien Dritter. Eine Kopplung bedeutet keineswegs eine Bekr\u00e4ftigung der Inhalte dieser angekoppelten Dateien.<\/p>\n<p>8. Die unbefugte oder zweckentfremdete Nutzung der Internetseite bzw. deren Inhalt kann eine Zuwiderhandlung gegen mit dem geistigen Eigentum zusammenh\u00e4ngende Rechte, gegen Vorschriften im Hinblick auf den Schutz personenbezogener Daten, gegen die Ver\u00f6ffentlichung und\/oder die Kommunikationsinhalte im weitesten Sinne des Wortes bedeuten. Sie haften f\u00fcr alles, was Sie von dieser Internetseite aus versenden.<\/p>\n<p>9. Der Herausgeber beh\u00e4lt sich das Recht vor, Ihnen seine Genehmigung bez\u00fcglich der Nutzung der Internetseite und\/oder der Inanspruchnahme bestimmter auf der Internetseite angebotener Dienstleistungen zu verweigern. Diesbez\u00fcglich kann der Herausgeber anschlie\u00dfend den Zugang zur Internetseite \u00fcberwachen.<\/p>\n<p>10. Sie sch\u00fctzen den Herausgeber, dessen Arbeitnehmer, Vertreter, Lizenzinhaber, Handelspartner sowie den Verfasser dieses Haftungsausschlusses vor gerichtlichen und au\u00dfergerichtlichen Ma\u00dfnahmen, Verurteilungen und dergleichen, einschlie\u00dflich der Kosten f\u00fcr den Rechtsbeistand, Wirtschaftspr\u00fcfer und dergleichen, die von Dritten auf Grund von oder in Zusammenhang mit Ihrer Nutzung der Internetseite, aus Ihrer Zuwiderhandlung gegen welches Gesetz auch immer oder gegen Rechte Dritter hinzugezogen wurden, entstanden sind.<\/p>\n","protected":false},"excerpt":{"rendered":"<p>Haftungsausschluss 1. In diesem Haftungsausschluss wird definiert als: Internetseite: jede Internetseite, auf der der Herausgeber einen Hyperlink zu diesem Haftungsausschluss schaltet mit der Absicht, diesen Haftungsausschluss bez\u00fcglich des Inhalts der betreffenden Internetseite als g\u00fcltig zu erkl\u00e4ren; der Herausgeber: Fruitmasters; Nutzung\/nutzen: unter anderem das Laden, Einloggen, Aufrufen, Konsultieren, Lesen, Betrachten, Anh\u00f6ren, Bearbeiten, Ausf\u00fcllen (von Formularen), Versenden, [&hellip;]<\/p>\n","protected":false},"author":2,"featured_media":0,"parent":0,"menu_order":0,"comment_status":"closed","ping_status":"closed","template":"page-wideheader.php","meta":{"footnotes":""},"acf":[],"_links":{"self":[{"href":"https:\/\/fruitmasters.com\/de\/wp-json\/wp\/v2\/pages\/73"}],"collection":[{"href":"https:\/\/fruitmasters.com\/de\/wp-json\/wp\/v2\/pages"}],"about":[{"href":"https:\/\/fruitmasters.com\/de\/wp-json\/wp\/v2\/types\/page"}],"author":[{"embeddable":true,"href":"https:\/\/fruitmasters.com\/de\/wp-json\/wp\/v2\/users\/2"}],"replies":[{"embeddable":true,"href":"https:\/\/fruitmasters.com\/de\/wp-json\/wp\/v2\/comments?post=73"}],"version-history":[{"count":19,"href":"https:\/\/fruitmasters.com\/de\/wp-json\/wp\/v2\/pages\/73\/revisions"}],"predecessor-version":[{"id":1711,"href":"https:\/\/fruitmasters.com\/de\/wp-json\/wp\/v2\/pages\/73\/revisions\/1711"}],"wp:attachment":[{"href":"https:\/\/fruitmasters.com\/de\/wp-json\/wp\/v2\/media?parent=73"}],"curies":[{"name":"wp","href":"https:\/\/api.w.org\/{rel}","templated":true}]}}