{"id":730,"date":"2016-11-09T10:40:56","date_gmt":"2016-11-09T10:40:56","guid":{"rendered":"http:\/\/fruitmasters.com\/nl\/?page_id=730"},"modified":"2024-04-04T11:12:30","modified_gmt":"2024-04-04T11:12:30","slug":"apfel","status":"publish","type":"page","link":"https:\/\/fruitmasters.com\/de\/produkte\/apfel\/","title":{"rendered":"\u00c4pfel"},"content":{"rendered":"<h1>\u00c4pfel<\/h1>\n<p class=\"twocol\">FruitMasters vermarktet schon seit hundert Jahren \u00c4pfel. Au\u00dferdem sind wir st\u00e4ndig auf der Suche nach innovativen Sorten, mit denen wir auf die sich ver\u00e4ndernden Verbraucherbed\u00fcrfnisse eingehen k\u00f6nnen. Deswegen wurden zahlreiche neue Apfelsorten wie etwa Greenstar-, Tessa<sup>\u00ae<\/sup>&#8211; und Kanzi<sup>\u00ae<\/sup>-\u00c4pfel entwickelt. Diese neue Sorten sind die perfekten Durstl\u00f6scher, rund im Geschmack und wohltuend erfrischend.<\/p>\n","protected":false},"excerpt":{"rendered":"<p>\u00c4pfel FruitMasters vermarktet schon seit hundert Jahren \u00c4pfel. Au\u00dferdem sind wir st\u00e4ndig auf der Suche nach innovativen Sorten, mit denen wir auf die sich ver\u00e4ndernden Verbraucherbed\u00fcrfnisse eingehen k\u00f6nnen. Deswegen wurden zahlreiche neue Apfelsorten wie etwa Greenstar-, Tessa\u00ae&#8211; und Kanzi\u00ae-\u00c4pfel entwickelt. Diese neue Sorten sind die perfekten Durstl\u00f6scher, rund im Geschmack und wohltuend erfrischend.<\/p>\n","protected":false},"author":8,"featured_media":2069,"parent":110,"menu_order":0,"comment_status":"closed","ping_status":"closed","template":"page-wideheader.php","meta":{"footnotes":""},"acf":[],"_links":{"self":[{"href":"https:\/\/fruitmasters.com\/de\/wp-json\/wp\/v2\/pages\/730"}],"collection":[{"href":"https:\/\/fruitmasters.com\/de\/wp-json\/wp\/v2\/pages"}],"about":[{"href":"https:\/\/fruitmasters.com\/de\/wp-json\/wp\/v2\/types\/page"}],"author":[{"embeddable":true,"href":"https:\/\/fruitmasters.com\/de\/wp-json\/wp\/v2\/users\/8"}],"replies":[{"embeddable":true,"href":"https:\/\/fruitmasters.com\/de\/wp-json\/wp\/v2\/comments?post=730"}],"version-history":[{"count":27,"href":"https:\/\/fruitmasters.com\/de\/wp-json\/wp\/v2\/pages\/730\/revisions"}],"predecessor-version":[{"id":2116,"href":"https:\/\/fruitmasters.com\/de\/wp-json\/wp\/v2\/pages\/730\/revisions\/2116"}],"up":[{"embeddable":true,"href":"https:\/\/fruitmasters.com\/de\/wp-json\/wp\/v2\/pages\/110"}],"wp:featuredmedia":[{"embeddable":true,"href":"https:\/\/fruitmasters.com\/de\/wp-json\/wp\/v2\/media\/2069"}],"wp:attachment":[{"href":"https:\/\/fruitmasters.com\/de\/wp-json\/wp\/v2\/media?parent=730"}],"curies":[{"name":"wp","href":"https:\/\/api.w.org\/{rel}","templated":true}]}}