{"id":92,"date":"2016-10-11T10:00:05","date_gmt":"2016-10-11T10:00:05","guid":{"rendered":"http:\/\/fruitmasters.com\/nl\/?page_id=92"},"modified":"2019-12-27T07:27:25","modified_gmt":"2019-12-27T07:27:25","slug":"sorteren","status":"publish","type":"page","link":"https:\/\/fruitmasters.com\/de\/24_7\/sorteren\/","title":{"rendered":"Sortieren"},"content":{"rendered":"<h1>Sortieren von Obst<\/h1>\n<p dir=\"LTR\" align=\"LEFT\">FruitMasters sortiert jede Obstsorte in ganz spezieller Weise und erzielt so ein homogenes Produkt, das mit Hilfe modernster Techniken auf die unterschiedlichsten Kundenw\u00fcnsche abgestimmt werden kann. Da die Produkte in Geldermalsen gelagert werden, kann FruitMasters sofort aktiv werden, falls ein Kunde eine Sendung noch am selben Tag erhalten m\u00f6chte.<\/p>\n<h2>Sortieren von Apfeln und Birnen<\/h2>\n<p dir=\"LTR\" align=\"LEFT\">Jeder Apfel und Birn\u00a0wird im Hinblick auf Gr\u00f6\u00dfe, Farbe und Gewicht sowie seine \u00e4u\u00dfere und innere Qualit\u00e4t gepr\u00fcft. Das Messsystem iFA bestimmt die inneren Eigenschaften, wie z. B. den Brix-Wert und eventuelle innere M\u00e4ngel. Das Messsystem iQS ermittelt die \u00e4u\u00dferen Eigenschaften der Frucht. Der Apfel oder Birn\u00a0wird drehend durch den Kameraschrank bef\u00f6rdert, in dem insgesamt sechzig Aufnahmen der Schale erstellt werden. Die Software analysiert die Aufnahmen. Nach den Qualit\u00e4tsbeurteilungen rollen die \u00c4pfel zwecks Selektion in mit Wasser gef\u00fcllte Pufferkan\u00e4le, in denen sie f\u00fcr die verschiedenen Qualit\u00e4tslabels gesammelt werden. Auch Birnen werden sortiert durch iQS und\u00a0iFA\u00a0. Diese Art der Sortierung sorgt f\u00fcr einde spezifische Sortierung und Verpackung f\u00fcr unsere Kunden.<\/p>\n<h2>Sortieren von\u00a0Beeren- und Steinobst<\/h2>\n<p dir=\"LTR\" align=\"LEFT\">FruitMasters sortiert Kirschen, Pflaumen, Blaubeeren und Rote Johannisbeeren in seiner Zentrale in Geldermalsen. Erdbeeren, Himbeeren und Brombeeren werden gewogen und verpackt. Das Sortieren von Beeren- und Steinobst ist eine spezialisierte T\u00e4tigkeit, die nicht nur manuell, sondern auch mit drei Sortiermaschinen \u2013 jeweils eine f\u00fcr Pflaumen, Kirschen und Blaubeeren \u2013 ausgef\u00fchrt wird. Diese Maschinen sind \u2013 je nach Produkt &#8211; in der Lage, nach Farbe, Gr\u00f6\u00dfe und H\u00e4rte zu sortieren. Kirschen und Pflaumen beispielsweise sortiert FruitMasters mit einer Sortiermaschine bis auf zwei Millimeter genau. Auf diese Weise entspricht das Produkt immer exakt den W\u00fcnschen des Kunden.<\/p>\n<h2>Zertifizierung<\/h2>\n<p dir=\"LTR\" align=\"LEFT\">Die Sortier- und Packstation von FruitMasters erf\u00fcllt hinsichtlich Hygiene und Lebensmittelsicherheit h\u00f6chste Anforderungen, was auch an unseren Zertifizierungen nach BRC und IFS ersichtlich wird. Dar\u00fcber hinaus verpackt FruitMasters unter dem e-Zeichen. F\u00fcr den Kunden bedeutet das ein hohes Ma\u00df an Gewichts\u00fcberwachung, insbesondere im Hinblick auf Untergewicht.<\/p>\n<p>&nbsp;<\/p>\n","protected":false},"excerpt":{"rendered":"<p>Sortieren von Obst FruitMasters sortiert jede Obstsorte in ganz spezieller Weise und erzielt so ein homogenes Produkt, das mit Hilfe modernster Techniken auf die unterschiedlichsten Kundenw\u00fcnsche abgestimmt werden kann. Da die Produkte in Geldermalsen gelagert werden, kann FruitMasters sofort aktiv werden, falls ein Kunde eine Sendung noch am selben Tag erhalten m\u00f6chte. Sortieren von Apfeln [&hellip;]<\/p>\n","protected":false},"author":7,"featured_media":0,"parent":90,"menu_order":0,"comment_status":"closed","ping_status":"closed","template":"page-wideheader.php","meta":{"footnotes":""},"acf":[],"_links":{"self":[{"href":"https:\/\/fruitmasters.com\/de\/wp-json\/wp\/v2\/pages\/92"}],"collection":[{"href":"https:\/\/fruitmasters.com\/de\/wp-json\/wp\/v2\/pages"}],"about":[{"href":"https:\/\/fruitmasters.com\/de\/wp-json\/wp\/v2\/types\/page"}],"author":[{"embeddable":true,"href":"https:\/\/fruitmasters.com\/de\/wp-json\/wp\/v2\/users\/7"}],"replies":[{"embeddable":true,"href":"https:\/\/fruitmasters.com\/de\/wp-json\/wp\/v2\/comments?post=92"}],"version-history":[{"count":20,"href":"https:\/\/fruitmasters.com\/de\/wp-json\/wp\/v2\/pages\/92\/revisions"}],"predecessor-version":[{"id":1816,"href":"https:\/\/fruitmasters.com\/de\/wp-json\/wp\/v2\/pages\/92\/revisions\/1816"}],"up":[{"embeddable":true,"href":"https:\/\/fruitmasters.com\/de\/wp-json\/wp\/v2\/pages\/90"}],"wp:attachment":[{"href":"https:\/\/fruitmasters.com\/de\/wp-json\/wp\/v2\/media?parent=92"}],"curies":[{"name":"wp","href":"https:\/\/api.w.org\/{rel}","templated":true}]}}