{"id":94,"date":"2016-10-11T10:01:30","date_gmt":"2016-10-11T10:01:30","guid":{"rendered":"http:\/\/fruitmasters.com\/nl\/?page_id=94"},"modified":"2021-08-02T11:06:35","modified_gmt":"2021-08-02T11:06:35","slug":"verpacken","status":"publish","type":"page","link":"https:\/\/fruitmasters.com\/de\/24_7\/verpacken\/","title":{"rendered":"Verpacken"},"content":{"rendered":"<h1>Verpacken von Obst<\/h1>\n<p>FruitMasters ist Ihr kompenter Dienstleister in Sachen Obstverpackung. Nach dem Sortieren wird das Obst in Fruitmasters-Verpackungen oder spezifischen Kundenverpackungen verpackt. Dank unserer hochwertigen Obstverpackungen gelangen Ihre Fr\u00fcchte weltweit sicher an jeden Bestimmungsort. Bei der Obstverpackung achten wir nicht nur auf den Schutz der Fr\u00fcchte, sondern auch auf deren professionelle Pr\u00e4sentation.<\/p>\n<h2>Verpacken von \u00c4pfeln und Birnen<\/h2>\n<p>Es gibt eine Vielzahl von Verpackungsarten f\u00fcr \u00c4pfel und Birnen. Sie unterscheiden sich zum Beispiel hinsichtlich Abmessungen, Gewichten und Sortierungen, aber auch in Bezug auf das Material. Holz, Kunststoff und Pappe \u2013 alles ist m\u00f6glich. Die gew\u00e4hlte Verpackung wird mit \u00c4pfeln oder Birnen bef\u00fcllt und anschlie\u00dfend auf Transportb\u00e4nder gestellt. W\u00e4hrend des Transports k\u00f6nnen die verpackten \u00c4pfel bzw. Birnen mit Aufklebern versehen und die Verpackung etikettiert werden.<\/p>\n<p>FruitMasters bietet auf Wunsch auch Kleinverpackungen f\u00fcr Obst an, wie z. B. Beutel, Schalen und Kilogrammschalen. Insbesondere bei Birnen werden h\u00e4ufig Kilogrammschalen eingesetzt. Diese Schalen verschlie\u00dfen wir mit einem Netz oder Flowpackfolie. Bei einem Netz kann die Verpackung zus\u00e4tzlich mit einem praktischen Handgriff versehen werden.<\/p>\n<h2>Wachsen von \u00c4pfeln<\/h2>\n<p>Fruitmasters wachst \u00c4pfel an seinem Standort in Geldermalsen. Das Wachs sorgt f\u00fcr eine Schutzschicht, l\u00e4sst \u00c4pfel gl\u00e4nzen und h\u00e4lt sie l\u00e4nger knackig und saftig. Das Wachs ist geruch- und geschmacklos, klebt nicht und erf\u00fcllt selbstverst\u00e4ndlich alle Anforderungen im Hinblick auf die Lebensmittelsicherheit.<\/p>\n<h2>Verpacken von Beeren- und Steinobst<\/h2>\n<p>An der Sortier- und Packstation werden alle Arten von Beeren- und Steinobst wie z. B. Kirschen, Pflaumen, Erdbeeren, Himbeeren, Brombeeren, Rote Johannisbeeren und Blaubeeren verpackt. Die automatische Verpackungsmaschine f\u00fcr Kirschen wiegt jeweils 400 g Kirschen ab und legt diese in eine Clamshell-Verpackung. Daraufhin wird der Deckel geschlossen und automatisch etikettiert.<\/p>\n<h2>Qualit\u00e4t<\/h2>\n<p>An unserer Sortier- und Packstation ist st\u00e4ndig ein Abnahmepr\u00fcfer anwesend, der die <a href=\"https:\/\/fruitmasters.com\/de\/24_7\/sorteren\/\">Qualit\u00e4t <\/a>des Obsts kontrolliert. So gelangt die richtige Qualit\u00e4t richtig verpackt zum Verbraucher.<\/p>\n","protected":false},"excerpt":{"rendered":"<p>Verpacken von Obst FruitMasters ist Ihr kompenter Dienstleister in Sachen Obstverpackung. Nach dem Sortieren wird das Obst in Fruitmasters-Verpackungen oder spezifischen Kundenverpackungen verpackt. Dank unserer hochwertigen Obstverpackungen gelangen Ihre Fr\u00fcchte weltweit sicher an jeden Bestimmungsort. Bei der Obstverpackung achten wir nicht nur auf den Schutz der Fr\u00fcchte, sondern auch auf deren professionelle Pr\u00e4sentation. Verpacken von [&hellip;]<\/p>\n","protected":false},"author":7,"featured_media":0,"parent":90,"menu_order":0,"comment_status":"closed","ping_status":"closed","template":"page-wideheader.php","meta":{"footnotes":""},"acf":[],"_links":{"self":[{"href":"https:\/\/fruitmasters.com\/de\/wp-json\/wp\/v2\/pages\/94"}],"collection":[{"href":"https:\/\/fruitmasters.com\/de\/wp-json\/wp\/v2\/pages"}],"about":[{"href":"https:\/\/fruitmasters.com\/de\/wp-json\/wp\/v2\/types\/page"}],"author":[{"embeddable":true,"href":"https:\/\/fruitmasters.com\/de\/wp-json\/wp\/v2\/users\/7"}],"replies":[{"embeddable":true,"href":"https:\/\/fruitmasters.com\/de\/wp-json\/wp\/v2\/comments?post=94"}],"version-history":[{"count":15,"href":"https:\/\/fruitmasters.com\/de\/wp-json\/wp\/v2\/pages\/94\/revisions"}],"predecessor-version":[{"id":2004,"href":"https:\/\/fruitmasters.com\/de\/wp-json\/wp\/v2\/pages\/94\/revisions\/2004"}],"up":[{"embeddable":true,"href":"https:\/\/fruitmasters.com\/de\/wp-json\/wp\/v2\/pages\/90"}],"wp:attachment":[{"href":"https:\/\/fruitmasters.com\/de\/wp-json\/wp\/v2\/media?parent=94"}],"curies":[{"name":"wp","href":"https:\/\/api.w.org\/{rel}","templated":true}]}}