{"id":96,"date":"2016-10-11T10:01:57","date_gmt":"2016-10-11T10:01:57","guid":{"rendered":"http:\/\/fruitmasters.com\/nl\/?page_id=96"},"modified":"2019-12-27T07:27:00","modified_gmt":"2019-12-27T07:27:00","slug":"koelen","status":"publish","type":"page","link":"https:\/\/fruitmasters.com\/de\/24_7\/koelen\/","title":{"rendered":"K\u00fchlen"},"content":{"rendered":"<h1 align=\"LEFT\">K\u00fchlen von Obst<\/h1>\n<p dir=\"LTR\" align=\"LEFT\">Fruitmasters verf\u00fcgt \u00fcber ca. 300 K\u00fchlzellen f\u00fcr \u00c4pfel und Birnen. Zum Einsatz kommen bei uns verschiedene K\u00fchlverfahren. So k\u00f6nnen wir immer die beste Produktqualit\u00e4t liefern. FruitMasters pr\u00fcft und misst alle Aspekte, die f\u00fcr die K\u00fchlung eines bestimmten Produkts relevant sind, und das rund um die Uhr.<\/p>\n<p>&nbsp;<\/p>\n<h2>K\u00fchlr\u00e4ume f\u00fcr Obst<\/h2>\n<p dir=\"LTR\" align=\"LEFT\">Fruitmasters unterh\u00e4lt drei Standorte, an denen Obst gek\u00fchlt wird: Geldermalsen, Ochten und Wijk bij Duurstede. Dar\u00fcber hinaus mieten wir zus\u00e4tzliche Kapazit\u00e4ten an. Wir verf\u00fcgen \u00fcber ca. 300 Zellen mit verschiedenen Abmessungen. Alle Zellen, in denen Temperaturen von 0 bis 5 Grad herrschen, sind sowohl f\u00fcr ULO- als auch mechanische Lagerung geeignet. Selbstverst\u00e4ndlich sind unsere K\u00fchlh\u00e4user auf dem modernsten Stand der Technik.<\/p>\n<p>&nbsp;<\/p>\n<h2>Ideale Lagerbedingungen<\/h2>\n<p dir=\"LTR\" align=\"LEFT\">In 30 Mini-Pr\u00fcfzellen forscht Fruitmasters fortlaufend nach den optimalen Lagerverfahren f\u00fcr neue und bereits vorhandene Sorten. Zur Ermittlung der idealen Lagerbedingungen variieren wir Temperatur, Sauerstoff und CO2. FruitMasters wendet nicht weniger als f\u00fcnf verschiedene Lagerverfahren an, um f\u00fcr jede Sorte die beste Produktqualit\u00e4t \u00fcber den l\u00e4ngsten Zeitraum garantieren zu k\u00f6nnen: ULO, ULO+\/DCS, mechanisch, Gas und Smartfresh. Niemand kennt die Qualit\u00e4t des Obstes, das in den K\u00fchlh\u00e4usern lagert, so gut wie Fruitmasters. Da wir die Qualit\u00e4t st\u00e4ndig \u00fcberwachen, k\u00f6nnen wir immer beste Ergebnisse garantieren.<\/p>\n<p>&nbsp;<\/p>\n","protected":false},"excerpt":{"rendered":"<p>K\u00fchlen von Obst Fruitmasters verf\u00fcgt \u00fcber ca. 300 K\u00fchlzellen f\u00fcr \u00c4pfel und Birnen. Zum Einsatz kommen bei uns verschiedene K\u00fchlverfahren. So k\u00f6nnen wir immer die beste Produktqualit\u00e4t liefern. FruitMasters pr\u00fcft und misst alle Aspekte, die f\u00fcr die K\u00fchlung eines bestimmten Produkts relevant sind, und das rund um die Uhr. &nbsp; K\u00fchlr\u00e4ume f\u00fcr Obst Fruitmasters unterh\u00e4lt [&hellip;]<\/p>\n","protected":false},"author":7,"featured_media":0,"parent":90,"menu_order":0,"comment_status":"closed","ping_status":"closed","template":"page-wideheader.php","meta":{"footnotes":""},"acf":[],"_links":{"self":[{"href":"https:\/\/fruitmasters.com\/de\/wp-json\/wp\/v2\/pages\/96"}],"collection":[{"href":"https:\/\/fruitmasters.com\/de\/wp-json\/wp\/v2\/pages"}],"about":[{"href":"https:\/\/fruitmasters.com\/de\/wp-json\/wp\/v2\/types\/page"}],"author":[{"embeddable":true,"href":"https:\/\/fruitmasters.com\/de\/wp-json\/wp\/v2\/users\/7"}],"replies":[{"embeddable":true,"href":"https:\/\/fruitmasters.com\/de\/wp-json\/wp\/v2\/comments?post=96"}],"version-history":[{"count":16,"href":"https:\/\/fruitmasters.com\/de\/wp-json\/wp\/v2\/pages\/96\/revisions"}],"predecessor-version":[{"id":1814,"href":"https:\/\/fruitmasters.com\/de\/wp-json\/wp\/v2\/pages\/96\/revisions\/1814"}],"up":[{"embeddable":true,"href":"https:\/\/fruitmasters.com\/de\/wp-json\/wp\/v2\/pages\/90"}],"wp:attachment":[{"href":"https:\/\/fruitmasters.com\/de\/wp-json\/wp\/v2\/media?parent=96"}],"curies":[{"name":"wp","href":"https:\/\/api.w.org\/{rel}","templated":true}]}}