{"id":98,"date":"2016-10-11T10:02:26","date_gmt":"2016-10-11T10:02:26","guid":{"rendered":"http:\/\/fruitmasters.com\/nl\/?page_id=98"},"modified":"2019-12-27T07:27:42","modified_gmt":"2019-12-27T07:27:42","slug":"transport","status":"publish","type":"page","link":"https:\/\/fruitmasters.com\/de\/24_7\/transport\/","title":{"rendered":"Transport"},"content":{"rendered":"<h1>Transport von Obst<\/h1>\n<p dir=\"LTR\" align=\"LEFT\">F\u00fcr die Bef\u00f6rderung empfindlicher Produkte wie z. B. Obst, wird ein Spezialtransport ben\u00f6tigt. Der Transport von Obst erfordert n\u00e4mlich besondere Sorgfalt und klimatisierte, p\u00fcnktliche Lieferungen. FruitMasters steht Ihnen diesbez\u00fcglich gerne mit Rat und Tat zur Seite.<\/p>\n<h2>M\u00f6glichkeiten in\u00a0Bezug auf Obsttransport<\/h2>\n<p dir=\"LTR\" align=\"LEFT\">Obst kann auf verschiedene Arten klimatisiert bef\u00f6rdert werden, z.B. auf der Stra\u00dfe. In manchen F\u00e4llen aber kann der Transport als See- oder Luftfracht interessanter sein. Selbstverst\u00e4ndlich \u00fcbernehmen wir auch gerne die effiziente Ausf\u00fchrung Ihres Obsttransports f\u00fcr Sie. So ist die Qualit\u00e4t unseres niederl\u00e4ndischen Obsts immer gew\u00e4hrleistet.<\/p>\n<h2>FruitMasters Luftfracht<\/h2>\n<p dir=\"LTR\" align=\"LEFT\">Dank seinem Know-how kann FruitMasters Obst an ferne Bestimmungsorte liefern. \u00dcberlassen Sie den Transport einfach uns, wenn Sie sichergehen wollen, dass Ihr Kunde sein Obst in optimalem Zustand erh\u00e4lt. Ausgew\u00e4hlte Erzeuger pfl\u00fccken das Beerenobst nach speziellen Protokollen und verschicken das optimale Produkt per Luftfracht. Nach dem Verpacken des Produkts wickeln wir die Verpackung in speziell zu diesem Zweck entwickelte H\u00fcllen. Per K\u00fchltransport gelangt das Produkt innerhalb von 72 Stunden an seinen Bestimmungsort \u2013 wo auch immer in der Welt sich dieser befindet.<\/p>\n<p>&nbsp;<\/p>\n","protected":false},"excerpt":{"rendered":"<p>Transport von Obst F\u00fcr die Bef\u00f6rderung empfindlicher Produkte wie z. B. Obst, wird ein Spezialtransport ben\u00f6tigt. Der Transport von Obst erfordert n\u00e4mlich besondere Sorgfalt und klimatisierte, p\u00fcnktliche Lieferungen. FruitMasters steht Ihnen diesbez\u00fcglich gerne mit Rat und Tat zur Seite. M\u00f6glichkeiten in\u00a0Bezug auf Obsttransport Obst kann auf verschiedene Arten klimatisiert bef\u00f6rdert werden, z.B. auf der Stra\u00dfe. [&hellip;]<\/p>\n","protected":false},"author":7,"featured_media":0,"parent":90,"menu_order":0,"comment_status":"closed","ping_status":"closed","template":"page-wideheader.php","meta":{"footnotes":""},"acf":[],"_links":{"self":[{"href":"https:\/\/fruitmasters.com\/de\/wp-json\/wp\/v2\/pages\/98"}],"collection":[{"href":"https:\/\/fruitmasters.com\/de\/wp-json\/wp\/v2\/pages"}],"about":[{"href":"https:\/\/fruitmasters.com\/de\/wp-json\/wp\/v2\/types\/page"}],"author":[{"embeddable":true,"href":"https:\/\/fruitmasters.com\/de\/wp-json\/wp\/v2\/users\/7"}],"replies":[{"embeddable":true,"href":"https:\/\/fruitmasters.com\/de\/wp-json\/wp\/v2\/comments?post=98"}],"version-history":[{"count":13,"href":"https:\/\/fruitmasters.com\/de\/wp-json\/wp\/v2\/pages\/98\/revisions"}],"predecessor-version":[{"id":1817,"href":"https:\/\/fruitmasters.com\/de\/wp-json\/wp\/v2\/pages\/98\/revisions\/1817"}],"up":[{"embeddable":true,"href":"https:\/\/fruitmasters.com\/de\/wp-json\/wp\/v2\/pages\/90"}],"wp:attachment":[{"href":"https:\/\/fruitmasters.com\/de\/wp-json\/wp\/v2\/media?parent=98"}],"curies":[{"name":"wp","href":"https:\/\/api.w.org\/{rel}","templated":true}]}}