{"id":1406,"date":"2017-01-19T10:22:00","date_gmt":"2017-01-19T10:22:00","guid":{"rendered":"http:\/\/fruitmasters.com\/nl\/?page_id=1406"},"modified":"2026-03-13T08:55:35","modified_gmt":"2026-03-13T08:55:35","slug":"fruitmasters-deutschland","status":"publish","type":"page","link":"https:\/\/fruitmasters.com\/nl\/contact\/fruitmasters-deutschland\/","title":{"rendered":"FruitMasters Deutschland"},"content":{"rendered":"<h1>FruitMasters Deutschland<\/h1>\n<p>FruitMasters Deutschland is verantwoordelijk voor de overzeese import van fruitsoorten voor FruitMasters. FruitMasters Deutschland kan hierdoor het best\u00a0omschreven worden als \u00e9\u00e9n van de meest toonaangevende importeurs van het zuidelijk halfrond. Zuid-Amerika, Zuid-Afrika, Oceani\u00eb, India en China zijn de belangrijkste landen van herkomst.<\/p>\n<p><span data-olk-copy-source=\"MessageBody\">Am Steintor 6<\/span><br \/>\n<span data-olk-copy-source=\"MessageBody\">48167 <\/span>M\u00fcnster<br \/>\nDuitsland<\/p>\n<p>&nbsp;<\/p>\n<p>T: +49 \u2013 2516 1810<br \/>\nF: +49 \u2013 2516 181 130<br \/>\nE: <a href=\"mailto:info@fruitmasters.de\"><u><span style=\"color: #0066cc\">info@fruitmasters.de<\/span><\/u><\/a><br \/>\nKvK: HRB5653<br \/>\nBTW: DE812813346<\/p>\n","protected":false},"excerpt":{"rendered":"<p>FruitMasters Deutschland FruitMasters Deutschland is verantwoordelijk voor de overzeese import van fruitsoorten voor FruitMasters. FruitMasters Deutschland kan hierdoor het best\u00a0omschreven worden als \u00e9\u00e9n van de meest toonaangevende importeurs van het zuidelijk halfrond. Zuid-Amerika, Zuid-Afrika, Oceani\u00eb, India en China zijn de belangrijkste landen van herkomst. Am Steintor 6 48167 M\u00fcnster Duitsland &nbsp; T: +49 \u2013 2516 [&hellip;]<\/p>\n","protected":false},"author":8,"featured_media":0,"parent":131,"menu_order":0,"comment_status":"closed","ping_status":"closed","template":"page-wideheader.php","meta":{"footnotes":""},"acf":[],"_links":{"self":[{"href":"https:\/\/fruitmasters.com\/nl\/wp-json\/wp\/v2\/pages\/1406"}],"collection":[{"href":"https:\/\/fruitmasters.com\/nl\/wp-json\/wp\/v2\/pages"}],"about":[{"href":"https:\/\/fruitmasters.com\/nl\/wp-json\/wp\/v2\/types\/page"}],"author":[{"embeddable":true,"href":"https:\/\/fruitmasters.com\/nl\/wp-json\/wp\/v2\/users\/8"}],"replies":[{"embeddable":true,"href":"https:\/\/fruitmasters.com\/nl\/wp-json\/wp\/v2\/comments?post=1406"}],"version-history":[{"count":10,"href":"https:\/\/fruitmasters.com\/nl\/wp-json\/wp\/v2\/pages\/1406\/revisions"}],"predecessor-version":[{"id":10456,"href":"https:\/\/fruitmasters.com\/nl\/wp-json\/wp\/v2\/pages\/1406\/revisions\/10456"}],"up":[{"embeddable":true,"href":"https:\/\/fruitmasters.com\/nl\/wp-json\/wp\/v2\/pages\/131"}],"wp:attachment":[{"href":"https:\/\/fruitmasters.com\/nl\/wp-json\/wp\/v2\/media?parent=1406"}],"curies":[{"name":"wp","href":"https:\/\/api.w.org\/{rel}","templated":true}]}}